{"id":159,"date":"2014-06-03T16:31:44","date_gmt":"2014-06-03T16:31:44","guid":{"rendered":"https:\/\/villahostels.com\/?page_id=159"},"modified":"2025-01-02T14:31:43","modified_gmt":"2025-01-02T13:31:43","slug":"politica-de-cookies","status":"publish","type":"page","link":"https:\/\/villahostels.com\/pt\/cookie-policy\/","title":{"rendered":"Pol\u00edtica de cookies"},"content":{"rendered":"","protected":false},"excerpt":{"rendered":"","protected":false},"author":8,"featured_media":10993,"parent":0,"menu_order":0,"comment_status":"closed","ping_status":"open","template":"genericPage.php","meta":{"_acf_changed":false,"footnotes":""},"class_list":["post-159","page","type-page","status-publish","has-post-thumbnail","hentry"],"acf":[],"yoast_head":"<!-- This site is optimized with the Yoast SEO Premium plugin v27.1 (Yoast SEO v27.1.1) - https:\/\/yoast.com\/product\/yoast-seo-premium-wordpress\/ -->\n<title>Cookie Policy for use with the Villahostels website<\/title>\n<meta name=\"description\" content=\"We use a system of classifying the different types of cookies which we use on the site, or which may be used by third parties through our site\" \/>\n<meta name=\"robots\" content=\"noindex, nofollow\" \/>\n<meta property=\"og:locale\" content=\"pt_PT\" \/>\n<meta property=\"og:type\" content=\"article\" \/>\n<meta property=\"og:title\" content=\"Cookie Policy\" \/>\n<meta property=\"og:description\" content=\"We use a system of classifying the different types of cookies which we use on the site, or which may be used by third parties through our site\" \/>\n<meta property=\"og:url\" content=\"https:\/\/villahostels.com\/pt\/politica-de-cookies\/\" \/>\n<meta property=\"og:site_name\" content=\"Villa Hostels\" \/>\n<meta property=\"article:publisher\" content=\"https:\/\/www.facebook.com\/villahostels.nice\/\" \/>\n<meta property=\"article:modified_time\" content=\"2025-01-02T13:31:43+00:00\" \/>\n<meta property=\"og:image\" content=\"https:\/\/villahostels.com\/wp-content\/uploads\/Villahostels-hostel-nice-france-french-riviera.jpg\" \/>\n\t<meta property=\"og:image:width\" content=\"1280\" \/>\n\t<meta property=\"og:image:height\" content=\"853\" \/>\n\t<meta property=\"og:image:type\" content=\"image\/jpeg\" \/>\n<meta name=\"twitter:card\" content=\"summary_large_image\" \/>\n<meta name=\"twitter:site\" content=\"@villahostels\" \/>\n<meta name=\"twitter:label1\" content=\"Tempo estimado de leitura\" \/>\n\t<meta name=\"twitter:data1\" content=\"4 minutos\" \/>\n<script type=\"application\/ld+json\" class=\"yoast-schema-graph\">{\"@context\":\"https:\/\/schema.org\",\"@graph\":[{\"@type\":\"Article\",\"@id\":\"https:\/\/villahostels.com\/cookie-policy\/#article\",\"isPartOf\":{\"@id\":\"https:\/\/villahostels.com\/cookie-policy\/\"},\"author\":{\"name\":\"mat\",\"@id\":\"https:\/\/villahostels.com\/#\/schema\/person\/2db058530234bae80f82c398f8088115\"},\"headline\":\"Cookie Policy\",\"datePublished\":\"2014-06-03T16:31:44+00:00\",\"dateModified\":\"2025-01-02T13:31:43+00:00\",\"mainEntityOfPage\":{\"@id\":\"https:\/\/villahostels.com\/cookie-policy\/\"},\"wordCount\":2,\"publisher\":{\"@id\":\"https:\/\/villahostels.com\/#organization\"},\"image\":{\"@id\":\"https:\/\/villahostels.com\/cookie-policy\/#primaryimage\"},\"thumbnailUrl\":\"https:\/\/villahostels.com\/wp-content\/uploads\/Villahostels-hostel-nice-france-french-riviera.jpg\",\"inLanguage\":\"pt-PT\"},{\"@type\":\"WebPage\",\"@id\":\"https:\/\/villahostels.com\/cookie-policy\/\",\"url\":\"https:\/\/villahostels.com\/cookie-policy\/\",\"name\":\"Cookie Policy for use with the Villahostels website\",\"isPartOf\":{\"@id\":\"https:\/\/villahostels.com\/#website\"},\"primaryImageOfPage\":{\"@id\":\"https:\/\/villahostels.com\/cookie-policy\/#primaryimage\"},\"image\":{\"@id\":\"https:\/\/villahostels.com\/cookie-policy\/#primaryimage\"},\"thumbnailUrl\":\"https:\/\/villahostels.com\/wp-content\/uploads\/Villahostels-hostel-nice-france-french-riviera.jpg\",\"datePublished\":\"2014-06-03T16:31:44+00:00\",\"dateModified\":\"2025-01-02T13:31:43+00:00\",\"description\":\"We use a system of classifying the different types of cookies which we use on the site, or which may be used by third parties through our site\",\"breadcrumb\":{\"@id\":\"https:\/\/villahostels.com\/cookie-policy\/#breadcrumb\"},\"inLanguage\":\"pt-PT\",\"potentialAction\":[{\"@type\":\"ReadAction\",\"target\":[\"https:\/\/villahostels.com\/cookie-policy\/\"]}]},{\"@type\":\"ImageObject\",\"inLanguage\":\"pt-PT\",\"@id\":\"https:\/\/villahostels.com\/cookie-policy\/#primaryimage\",\"url\":\"https:\/\/villahostels.com\/wp-content\/uploads\/Villahostels-hostel-nice-france-french-riviera.jpg\",\"contentUrl\":\"https:\/\/villahostels.com\/wp-content\/uploads\/Villahostels-hostel-nice-france-french-riviera.jpg\",\"width\":1280,\"height\":853,\"caption\":\"The best hostel in Nice, France.\"},{\"@type\":\"BreadcrumbList\",\"@id\":\"https:\/\/villahostels.com\/cookie-policy\/#breadcrumb\",\"itemListElement\":[{\"@type\":\"ListItem\",\"position\":1,\"name\":\"Home\",\"item\":\"https:\/\/villahostels.com\/\"},{\"@type\":\"ListItem\",\"position\":2,\"name\":\"Cookie Policy\"}]},{\"@type\":\"WebSite\",\"@id\":\"https:\/\/villahostels.com\/#website\",\"url\":\"https:\/\/villahostels.com\/\",\"name\":\"Villa Hostels\",\"description\":\"Best Hostels in Nice\",\"publisher\":{\"@id\":\"https:\/\/villahostels.com\/#organization\"},\"potentialAction\":[{\"@type\":\"SearchAction\",\"target\":{\"@type\":\"EntryPoint\",\"urlTemplate\":\"https:\/\/villahostels.com\/?s={search_term_string}\"},\"query-input\":{\"@type\":\"PropertyValueSpecification\",\"valueRequired\":true,\"valueName\":\"search_term_string\"}}],\"inLanguage\":\"pt-PT\"},{\"@type\":\"Organization\",\"@id\":\"https:\/\/villahostels.com\/#organization\",\"name\":\"Villa Hostels Nice\",\"url\":\"https:\/\/villahostels.com\/\",\"logo\":{\"@type\":\"ImageObject\",\"inLanguage\":\"pt-PT\",\"@id\":\"https:\/\/villahostels.com\/#\/schema\/logo\/image\/\",\"url\":\"https:\/\/villahostels.com\/wp-content\/uploads\/villa-hostels-logo-80h.png\",\"contentUrl\":\"https:\/\/villahostels.com\/wp-content\/uploads\/villa-hostels-logo-80h.png\",\"width\":470,\"height\":80,\"caption\":\"Villa Hostels Nice\"},\"image\":{\"@id\":\"https:\/\/villahostels.com\/#\/schema\/logo\/image\/\"},\"sameAs\":[\"https:\/\/www.facebook.com\/villahostels.nice\/\",\"https:\/\/x.com\/villahostels\",\"https:\/\/www.instagram.com\/villahostels\/\",\"https:\/\/www.pinterest.co.uk\/villasaintex\/\",\"https:\/\/www.youtube.com\/@TheVillaNice\"]},{\"@type\":\"Person\",\"@id\":\"https:\/\/villahostels.com\/#\/schema\/person\/2db058530234bae80f82c398f8088115\",\"name\":\"mat\"}]}<\/script>\n<!-- \/ Yoast SEO Premium plugin. -->","yoast_head_json":{"title":"Pol\u00edtica de cookies para utiliza\u00e7\u00e3o no s\u00edtio Web da Villahostels","description":"Utilizamos um sistema de classifica\u00e7\u00e3o dos diferentes tipos de cookies que utilizamos no s\u00edtio ou que podem ser utilizados por terceiros atrav\u00e9s do nosso s\u00edtio","robots":{"index":"noindex","follow":"nofollow"},"og_locale":"pt_PT","og_type":"article","og_title":"Cookie Policy","og_description":"We use a system of classifying the different types of cookies which we use on the site, or which may be used by third parties through our site","og_url":"https:\/\/villahostels.com\/pt\/politica-de-cookies\/","og_site_name":"Villa Hostels","article_publisher":"https:\/\/www.facebook.com\/villahostels.nice\/","article_modified_time":"2025-01-02T13:31:43+00:00","og_image":[{"width":1280,"height":853,"url":"https:\/\/villahostels.com\/wp-content\/uploads\/Villahostels-hostel-nice-france-french-riviera.jpg","type":"image\/jpeg"}],"twitter_card":"summary_large_image","twitter_site":"@villahostels","twitter_misc":{"Tempo estimado de leitura":"4 minutos"},"schema":{"@context":"https:\/\/schema.org","@graph":[{"@type":"Article","@id":"https:\/\/villahostels.com\/cookie-policy\/#article","isPartOf":{"@id":"https:\/\/villahostels.com\/cookie-policy\/"},"author":{"name":"mat","@id":"https:\/\/villahostels.com\/#\/schema\/person\/2db058530234bae80f82c398f8088115"},"headline":"Cookie Policy","datePublished":"2014-06-03T16:31:44+00:00","dateModified":"2025-01-02T13:31:43+00:00","mainEntityOfPage":{"@id":"https:\/\/villahostels.com\/cookie-policy\/"},"wordCount":2,"publisher":{"@id":"https:\/\/villahostels.com\/#organization"},"image":{"@id":"https:\/\/villahostels.com\/cookie-policy\/#primaryimage"},"thumbnailUrl":"https:\/\/villahostels.com\/wp-content\/uploads\/Villahostels-hostel-nice-france-french-riviera.jpg","inLanguage":"pt-PT"},{"@type":"WebPage","@id":"https:\/\/villahostels.com\/cookie-policy\/","url":"https:\/\/villahostels.com\/cookie-policy\/","name":"Pol\u00edtica de cookies para utiliza\u00e7\u00e3o no s\u00edtio Web da Villahostels","isPartOf":{"@id":"https:\/\/villahostels.com\/#website"},"primaryImageOfPage":{"@id":"https:\/\/villahostels.com\/cookie-policy\/#primaryimage"},"image":{"@id":"https:\/\/villahostels.com\/cookie-policy\/#primaryimage"},"thumbnailUrl":"https:\/\/villahostels.com\/wp-content\/uploads\/Villahostels-hostel-nice-france-french-riviera.jpg","datePublished":"2014-06-03T16:31:44+00:00","dateModified":"2025-01-02T13:31:43+00:00","description":"Utilizamos um sistema de classifica\u00e7\u00e3o dos diferentes tipos de cookies que utilizamos no s\u00edtio ou que podem ser utilizados por terceiros atrav\u00e9s do nosso s\u00edtio","breadcrumb":{"@id":"https:\/\/villahostels.com\/cookie-policy\/#breadcrumb"},"inLanguage":"pt-PT","potentialAction":[{"@type":"ReadAction","target":["https:\/\/villahostels.com\/cookie-policy\/"]}]},{"@type":"ImageObject","inLanguage":"pt-PT","@id":"https:\/\/villahostels.com\/cookie-policy\/#primaryimage","url":"https:\/\/villahostels.com\/wp-content\/uploads\/Villahostels-hostel-nice-france-french-riviera.jpg","contentUrl":"https:\/\/villahostels.com\/wp-content\/uploads\/Villahostels-hostel-nice-france-french-riviera.jpg","width":1280,"height":853,"caption":"The best hostel in Nice, France."},{"@type":"BreadcrumbList","@id":"https:\/\/villahostels.com\/cookie-policy\/#breadcrumb","itemListElement":[{"@type":"ListItem","position":1,"name":"Home","item":"https:\/\/villahostels.com\/"},{"@type":"ListItem","position":2,"name":"Cookie Policy"}]},{"@type":"WebSite","@id":"https:\/\/villahostels.com\/#website","url":"https:\/\/villahostels.com\/","name":"Villa Hostels","description":"Os melhores albergues em Nice","publisher":{"@id":"https:\/\/villahostels.com\/#organization"},"potentialAction":[{"@type":"SearchAction","target":{"@type":"EntryPoint","urlTemplate":"https:\/\/villahostels.com\/?s={search_term_string}"},"query-input":{"@type":"PropertyValueSpecification","valueRequired":true,"valueName":"search_term_string"}}],"inLanguage":"pt-PT"},{"@type":"Organization","@id":"https:\/\/villahostels.com\/#organization","name":"Villa Hostels Nice","url":"https:\/\/villahostels.com\/","logo":{"@type":"ImageObject","inLanguage":"pt-PT","@id":"https:\/\/villahostels.com\/#\/schema\/logo\/image\/","url":"https:\/\/villahostels.com\/wp-content\/uploads\/villa-hostels-logo-80h.png","contentUrl":"https:\/\/villahostels.com\/wp-content\/uploads\/villa-hostels-logo-80h.png","width":470,"height":80,"caption":"Villa Hostels Nice"},"image":{"@id":"https:\/\/villahostels.com\/#\/schema\/logo\/image\/"},"sameAs":["https:\/\/www.facebook.com\/villahostels.nice\/","https:\/\/x.com\/villahostels","https:\/\/www.instagram.com\/villahostels\/","https:\/\/www.pinterest.co.uk\/villasaintex\/","https:\/\/www.youtube.com\/@TheVillaNice"]},{"@type":"Person","@id":"https:\/\/villahostels.com\/#\/schema\/person\/2db058530234bae80f82c398f8088115","name":"tapete"}]}},"_links":{"self":[{"href":"https:\/\/villahostels.com\/pt\/wp-json\/wp\/v2\/pages\/159","targetHints":{"allow":["GET"]}}],"collection":[{"href":"https:\/\/villahostels.com\/pt\/wp-json\/wp\/v2\/pages"}],"about":[{"href":"https:\/\/villahostels.com\/pt\/wp-json\/wp\/v2\/types\/page"}],"author":[{"embeddable":true,"href":"https:\/\/villahostels.com\/pt\/wp-json\/wp\/v2\/users\/8"}],"replies":[{"embeddable":true,"href":"https:\/\/villahostels.com\/pt\/wp-json\/wp\/v2\/comments?post=159"}],"version-history":[{"count":0,"href":"https:\/\/villahostels.com\/pt\/wp-json\/wp\/v2\/pages\/159\/revisions"}],"wp:featuredmedia":[{"embeddable":true,"href":"https:\/\/villahostels.com\/pt\/wp-json\/wp\/v2\/media\/10993"}],"wp:attachment":[{"href":"https:\/\/villahostels.com\/pt\/wp-json\/wp\/v2\/media?parent=159"}],"curies":[{"name":"wp","href":"https:\/\/api.w.org\/{rel}","templated":true}]}}