{"id":8056,"date":"2019-05-04T12:54:20","date_gmt":"2019-05-04T10:54:20","guid":{"rendered":"https:\/\/villahostels.com\/?page_id=8056"},"modified":"2025-07-28T13:14:11","modified_gmt":"2025-07-28T11:14:11","slug":"kierunki","status":"publish","type":"page","link":"https:\/\/villahostels.com\/pl\/directions\/","title":{"rendered":"Jak dojecha\u0107 do Villa Saint Exupery Hostel"},"content":{"rendered":"","protected":false},"excerpt":{"rendered":"","protected":false},"author":8,"featured_media":0,"parent":0,"menu_order":0,"comment_status":"closed","ping_status":"closed","template":"infobox.php","meta":{"_acf_changed":false,"footnotes":""},"class_list":["post-8056","page","type-page","status-publish","hentry"],"acf":[],"yoast_head":"<!-- This site is optimized with the Yoast SEO Premium plugin v27.1 (Yoast SEO v27.1.1) - https:\/\/yoast.com\/product\/yoast-seo-premium-wordpress\/ -->\n<title>How to Get to Villa Saint Exupery Hostel, Nice, France: Directions<\/title>\n<meta name=\"description\" content=\"Find your way to Villahostels in Nice. Whether you&#039;re coming from the airport, train station, or by car, we have clear directions for you.\" \/>\n<meta name=\"robots\" content=\"index, follow, max-snippet:-1, max-image-preview:large, max-video-preview:-1\" \/>\n<link rel=\"canonical\" href=\"https:\/\/villahostels.com\/pl\/kierunki\/\" \/>\n<meta property=\"og:locale\" content=\"pl_PL\" \/>\n<meta property=\"og:type\" content=\"article\" \/>\n<meta property=\"og:title\" content=\"Directions to Villa Saint Exupery Hostel: Airport, Train, and Car\" \/>\n<meta property=\"og:description\" content=\"Easily find your way to Villa Saint Exupery Hostel in Nice. Whether you&#039;re arriving from the airport, train station, or by car, we&#039;ve got you covered with clear directions.\" \/>\n<meta property=\"og:url\" content=\"https:\/\/villahostels.com\/pl\/kierunki\/\" \/>\n<meta property=\"og:site_name\" content=\"Villa Hostels\" \/>\n<meta property=\"article:publisher\" content=\"https:\/\/www.facebook.com\/villahostels.nice\/\" \/>\n<meta property=\"article:modified_time\" content=\"2025-07-28T11:14:11+00:00\" \/>\n<meta property=\"og:image\" content=\"https:\/\/villahostels.com\/wp-content\/uploads\/group-booking-nice-transport-tram.jpg\" \/>\n\t<meta property=\"og:image:width\" content=\"1200\" \/>\n\t<meta property=\"og:image:height\" content=\"695\" \/>\n\t<meta property=\"og:image:type\" content=\"image\/jpeg\" \/>\n<meta name=\"twitter:card\" content=\"summary_large_image\" \/>\n<meta name=\"twitter:title\" content=\"Directions to Villa Saint Exupery Hostel: Airport, Train, and Car\" \/>\n<meta name=\"twitter:description\" content=\"Easily find your way to Villa Saint Exupery Hostel in Nice. Whether you&#039;re arriving from the airport, train station, or by car, we&#039;ve got you covered with clear directions.\" \/>\n<meta name=\"twitter:site\" content=\"@villahostels\" \/>\n<meta name=\"twitter:label1\" content=\"Szacowany czas czytania\" \/>\n\t<meta name=\"twitter:data1\" content=\"2 minuty\" \/>\n<script type=\"application\/ld+json\" class=\"yoast-schema-graph\">{\"@context\":\"https:\/\/schema.org\",\"@graph\":[{\"@type\":\"Article\",\"@id\":\"https:\/\/villahostels.com\/directions\/#article\",\"isPartOf\":{\"@id\":\"https:\/\/villahostels.com\/directions\/\"},\"author\":{\"name\":\"mat\",\"@id\":\"https:\/\/villahostels.com\/#\/schema\/person\/2db058530234bae80f82c398f8088115\"},\"headline\":\"How to get to Villa Saint Exupery Hostel\",\"datePublished\":\"2019-05-04T10:54:20+00:00\",\"dateModified\":\"2025-07-28T11:14:11+00:00\",\"mainEntityOfPage\":{\"@id\":\"https:\/\/villahostels.com\/directions\/\"},\"wordCount\":8,\"publisher\":{\"@id\":\"https:\/\/villahostels.com\/#organization\"},\"inLanguage\":\"pl-PL\"},{\"@type\":\"WebPage\",\"@id\":\"https:\/\/villahostels.com\/directions\/\",\"url\":\"https:\/\/villahostels.com\/directions\/\",\"name\":\"How to Get to Villa Saint Exupery Hostel, Nice, France: Directions\",\"isPartOf\":{\"@id\":\"https:\/\/villahostels.com\/#website\"},\"datePublished\":\"2019-05-04T10:54:20+00:00\",\"dateModified\":\"2025-07-28T11:14:11+00:00\",\"description\":\"Find your way to Villahostels in Nice. Whether you're coming from the airport, train station, or by car, we have clear directions for you.\",\"breadcrumb\":{\"@id\":\"https:\/\/villahostels.com\/directions\/#breadcrumb\"},\"inLanguage\":\"pl-PL\",\"potentialAction\":[{\"@type\":\"ReadAction\",\"target\":[\"https:\/\/villahostels.com\/directions\/\"]}]},{\"@type\":\"BreadcrumbList\",\"@id\":\"https:\/\/villahostels.com\/directions\/#breadcrumb\",\"itemListElement\":[{\"@type\":\"ListItem\",\"position\":1,\"name\":\"Home\",\"item\":\"https:\/\/villahostels.com\/\"},{\"@type\":\"ListItem\",\"position\":2,\"name\":\"How to get to Villa Saint Exupery Hostel\"}]},{\"@type\":\"WebSite\",\"@id\":\"https:\/\/villahostels.com\/#website\",\"url\":\"https:\/\/villahostels.com\/\",\"name\":\"Villa Hostels\",\"description\":\"Best Hostels in Nice\",\"publisher\":{\"@id\":\"https:\/\/villahostels.com\/#organization\"},\"potentialAction\":[{\"@type\":\"SearchAction\",\"target\":{\"@type\":\"EntryPoint\",\"urlTemplate\":\"https:\/\/villahostels.com\/?s={search_term_string}\"},\"query-input\":{\"@type\":\"PropertyValueSpecification\",\"valueRequired\":true,\"valueName\":\"search_term_string\"}}],\"inLanguage\":\"pl-PL\"},{\"@type\":\"Organization\",\"@id\":\"https:\/\/villahostels.com\/#organization\",\"name\":\"Villa Hostels Nice\",\"url\":\"https:\/\/villahostels.com\/\",\"logo\":{\"@type\":\"ImageObject\",\"inLanguage\":\"pl-PL\",\"@id\":\"https:\/\/villahostels.com\/#\/schema\/logo\/image\/\",\"url\":\"https:\/\/villahostels.com\/wp-content\/uploads\/villa-hostels-logo-80h.png\",\"contentUrl\":\"https:\/\/villahostels.com\/wp-content\/uploads\/villa-hostels-logo-80h.png\",\"width\":470,\"height\":80,\"caption\":\"Villa Hostels Nice\"},\"image\":{\"@id\":\"https:\/\/villahostels.com\/#\/schema\/logo\/image\/\"},\"sameAs\":[\"https:\/\/www.facebook.com\/villahostels.nice\/\",\"https:\/\/x.com\/villahostels\",\"https:\/\/www.instagram.com\/villahostels\/\",\"https:\/\/www.pinterest.co.uk\/villasaintex\/\",\"https:\/\/www.youtube.com\/@TheVillaNice\"]},{\"@type\":\"Person\",\"@id\":\"https:\/\/villahostels.com\/#\/schema\/person\/2db058530234bae80f82c398f8088115\",\"name\":\"mat\"}]}<\/script>\n<!-- \/ Yoast SEO Premium plugin. -->","yoast_head_json":{"title":"Jak dojecha\u0107 do Hostel Villa Saint Exupery, Nicea, Francja: Wskaz\u00f3wki dojazdu","description":"Znajd\u017a drog\u0119 do Villahostels w Nicei. Niezale\u017cnie od tego, czy przyje\u017cd\u017casz z lotniska, dworca kolejowego czy samochodem, mamy dla Ciebie jasne wskaz\u00f3wki.","robots":{"index":"index","follow":"follow","max-snippet":"max-snippet:-1","max-image-preview":"max-image-preview:large","max-video-preview":"max-video-preview:-1"},"canonical":"https:\/\/villahostels.com\/pl\/kierunki\/","og_locale":"pl_PL","og_type":"article","og_title":"Directions to Villa Saint Exupery Hostel: Airport, Train, and Car","og_description":"Easily find your way to Villa Saint Exupery Hostel in Nice. Whether you're arriving from the airport, train station, or by car, we've got you covered with clear directions.","og_url":"https:\/\/villahostels.com\/pl\/kierunki\/","og_site_name":"Villa Hostels","article_publisher":"https:\/\/www.facebook.com\/villahostels.nice\/","article_modified_time":"2025-07-28T11:14:11+00:00","og_image":[{"width":1200,"height":695,"url":"https:\/\/villahostels.com\/wp-content\/uploads\/group-booking-nice-transport-tram.jpg","type":"image\/jpeg"}],"twitter_card":"summary_large_image","twitter_title":"Directions to Villa Saint Exupery Hostel: Airport, Train, and Car","twitter_description":"Easily find your way to Villa Saint Exupery Hostel in Nice. Whether you're arriving from the airport, train station, or by car, we've got you covered with clear directions.","twitter_site":"@villahostels","twitter_misc":{"Szacowany czas czytania":"2 minuty"},"schema":{"@context":"https:\/\/schema.org","@graph":[{"@type":"Article","@id":"https:\/\/villahostels.com\/directions\/#article","isPartOf":{"@id":"https:\/\/villahostels.com\/directions\/"},"author":{"name":"mat","@id":"https:\/\/villahostels.com\/#\/schema\/person\/2db058530234bae80f82c398f8088115"},"headline":"How to get to Villa Saint Exupery Hostel","datePublished":"2019-05-04T10:54:20+00:00","dateModified":"2025-07-28T11:14:11+00:00","mainEntityOfPage":{"@id":"https:\/\/villahostels.com\/directions\/"},"wordCount":8,"publisher":{"@id":"https:\/\/villahostels.com\/#organization"},"inLanguage":"pl-PL"},{"@type":"WebPage","@id":"https:\/\/villahostels.com\/directions\/","url":"https:\/\/villahostels.com\/directions\/","name":"Jak dojecha\u0107 do Hostel Villa Saint Exupery, Nicea, Francja: Wskaz\u00f3wki dojazdu","isPartOf":{"@id":"https:\/\/villahostels.com\/#website"},"datePublished":"2019-05-04T10:54:20+00:00","dateModified":"2025-07-28T11:14:11+00:00","description":"Znajd\u017a drog\u0119 do Villahostels w Nicei. Niezale\u017cnie od tego, czy przyje\u017cd\u017casz z lotniska, dworca kolejowego czy samochodem, mamy dla Ciebie jasne wskaz\u00f3wki.","breadcrumb":{"@id":"https:\/\/villahostels.com\/directions\/#breadcrumb"},"inLanguage":"pl-PL","potentialAction":[{"@type":"ReadAction","target":["https:\/\/villahostels.com\/directions\/"]}]},{"@type":"BreadcrumbList","@id":"https:\/\/villahostels.com\/directions\/#breadcrumb","itemListElement":[{"@type":"ListItem","position":1,"name":"Home","item":"https:\/\/villahostels.com\/"},{"@type":"ListItem","position":2,"name":"How to get to Villa Saint Exupery Hostel"}]},{"@type":"WebSite","@id":"https:\/\/villahostels.com\/#website","url":"https:\/\/villahostels.com\/","name":"Hostele Villa","description":"Najlepsze hostele w Nicei","publisher":{"@id":"https:\/\/villahostels.com\/#organization"},"potentialAction":[{"@type":"SearchAction","target":{"@type":"EntryPoint","urlTemplate":"https:\/\/villahostels.com\/?s={search_term_string}"},"query-input":{"@type":"PropertyValueSpecification","valueRequired":true,"valueName":"search_term_string"}}],"inLanguage":"pl-PL"},{"@type":"Organization","@id":"https:\/\/villahostels.com\/#organization","name":"Villa Hostels Nicea","url":"https:\/\/villahostels.com\/","logo":{"@type":"ImageObject","inLanguage":"pl-PL","@id":"https:\/\/villahostels.com\/#\/schema\/logo\/image\/","url":"https:\/\/villahostels.com\/wp-content\/uploads\/villa-hostels-logo-80h.png","contentUrl":"https:\/\/villahostels.com\/wp-content\/uploads\/villa-hostels-logo-80h.png","width":470,"height":80,"caption":"Villa Hostels Nice"},"image":{"@id":"https:\/\/villahostels.com\/#\/schema\/logo\/image\/"},"sameAs":["https:\/\/www.facebook.com\/villahostels.nice\/","https:\/\/x.com\/villahostels","https:\/\/www.instagram.com\/villahostels\/","https:\/\/www.pinterest.co.uk\/villasaintex\/","https:\/\/www.youtube.com\/@TheVillaNice"]},{"@type":"Person","@id":"https:\/\/villahostels.com\/#\/schema\/person\/2db058530234bae80f82c398f8088115","name":"mata"}]}},"_links":{"self":[{"href":"https:\/\/villahostels.com\/pl\/wp-json\/wp\/v2\/pages\/8056","targetHints":{"allow":["GET"]}}],"collection":[{"href":"https:\/\/villahostels.com\/pl\/wp-json\/wp\/v2\/pages"}],"about":[{"href":"https:\/\/villahostels.com\/pl\/wp-json\/wp\/v2\/types\/page"}],"author":[{"embeddable":true,"href":"https:\/\/villahostels.com\/pl\/wp-json\/wp\/v2\/users\/8"}],"replies":[{"embeddable":true,"href":"https:\/\/villahostels.com\/pl\/wp-json\/wp\/v2\/comments?post=8056"}],"version-history":[{"count":0,"href":"https:\/\/villahostels.com\/pl\/wp-json\/wp\/v2\/pages\/8056\/revisions"}],"wp:attachment":[{"href":"https:\/\/villahostels.com\/pl\/wp-json\/wp\/v2\/media?parent=8056"}],"curies":[{"name":"wp","href":"https:\/\/api.w.org\/{rel}","templated":true}]}}