{"id":6834,"date":"2019-02-11T14:16:04","date_gmt":"2019-02-11T13:16:04","guid":{"rendered":"https:\/\/villahostels.com\/?page_id=6834"},"modified":"2019-08-07T21:20:42","modified_gmt":"2019-08-07T19:20:42","slug":"slynne-hostele","status":"publish","type":"page","link":"https:\/\/villahostels.com\/pl\/famous-hostels\/","title":{"rendered":"S\u0142ynne hostele"},"content":{"rendered":"<div class=\"box-this\">\n<h2>Meet all our Friends!<\/h2>\n<p>We are a proud member of <a title=\"Europe Famous Hostels\" href=\"http:\/\/www.famoushostels.com\/\" target=\"_blank\" rel=\"noopener noreferrer\">Europe\u2019s Famous Hostels<\/a>, a network of independent hostels offering backpackers the best services, facilities and fun in 42 locations throughout Europe<\/p>\n<p><strong>Stay with our friends and sleep with someone famous&#8230;<\/strong><\/p>\n<\/div>\n<p>[textblock align=left]<\/p>\n<p><a title=\"Amsterdam \u2013 The Flying Pig\" href=\"http:\/\/www.flyingpig.nl\/\" target=\"_blank\" rel=\"noopener noreferrer\">Amsterdam \u2013 The Flying Pig<\/a><\/p>\n<p><a title=\" Athens - Athens Style Hostel\" href=\"http:\/\/www.athenstyle.com\/\" target=\"_blank\" rel=\"noopener noreferrer\">Athens \u2013 Athens Style Hostel <\/a><\/p>\n<p><a title=\" Bad Gastein - Euro Youth Hotel\" href=\"http:\/\/www.euro-youth-hotel.at\/\" target=\"_blank\" rel=\"noopener noreferrer\">Bad Gastein \u2013 Euro Youth Hotel <\/a><\/p>\n<p><a title=\" Barcelona - Kabul Youth Hostel\" href=\"http:\/\/www.kabul.es\/\" target=\"_blank\" rel=\"noopener noreferrer\">Barcelona \u2013 Kabul Youth Hostel<\/a><\/p>\n<p><a title=\"Belgrade - ArkaBarka Floating Hostel\" href=\"http:\/\/www.arkabarka.net\/\" target=\"_blank\" rel=\"noopener noreferrer\">Belgrade \u2013 ArkaBarka Floating Hostel<\/a><\/p>\n<p><a title=\" Berlin - The Circus Hostel\" href=\"http:\/\/www.circus-berlin.de\/\" target=\"_blank\" rel=\"noopener noreferrer\">Berlin \u2013 The Circus Hostel <\/a><\/p>\n<p><a title=\"Bratislava - Patio Hostel\" href=\"http:\/\/www.patiohostel.com\/\" target=\"_blank\" rel=\"noopener noreferrer\">Bratislava \u2013 Patio Hostel<\/a><\/p>\n<p><a title=\"Bruges - Bauhaus International Youth Hostel\" href=\"http:\/\/www.bauhaus.be\/\" target=\"_blank\" rel=\"noopener noreferrer\">Bruges \u2013 Bauhaus International Youth Hostel<\/a><\/p>\n<p><a title=\"Budapest - Maverik Hostel\" href=\"http:\/\/www.maverickhostel.com\/\" target=\"_blank\" rel=\"noopener noreferrer\">Budapest \u2013 Maverik Hostel<\/a><\/p>\n<p><a title=\" Cardiff \u2013 Nosda Backpacker Hostel\" href=\"http:\/\/www.cardiffbackpacker.com\/\" target=\"_blank\" rel=\"noopener noreferrer\">Cardiff \u2013 Nosda Backpacker Hostel<\/a><\/p>\n<p><a title=\"Copenhagen - CPH Downtown Hostel\" href=\"http:\/\/copenhagendowntown.com\/en\" target=\"_blank\" rel=\"noopener noreferrer\">Copenhagen \u2013 CPH Downtown Hostel<\/a><\/p>\n<p><a title=\"Dublin - Avalon House Hostel\" href=\"http:\/\/www.avalon-house.ie\/\" target=\"_blank\" rel=\"noopener noreferrer\">Dublin \u2013 Avalon House Hostel<\/a><\/p>\n<p><a title=\"Edinburgh \u2013 St Christopher\u2019s Inn\" href=\"http:\/\/www.st-christophers.co.uk\/edinburgh-hostels\" target=\"_blank\" rel=\"noopener noreferrer\">Edinburgh \u2013 St Christopher\u2019s Inn<\/a><\/p>\n<p><a title=\" Granada \u2013 Oasis Backpackers\u2019 Hostel\" href=\"http:\/\/www.oasisgranada.com\/\" target=\"_blank\" rel=\"noopener noreferrer\">Granada \u2013 Oasis Backpackers\u2019 Hostel<\/a><\/p>\n<p><a title=\"Interlaken \u2013 Balmer\u2019s Herberge\" href=\"http:\/\/www.balmers.com\/\" target=\"_blank\" rel=\"noopener noreferrer\">Interlaken \u2013 Balmer\u2019s Herberge<\/a><\/p>\n<p><a title=\"Istanbul - Hush Hostel\" href=\"https:\/\/www.facebook.com\/hushhostelmoda\" target=\"_blank\" rel=\"noopener noreferrer\">Istanbul \u2013 Hush Hostel<\/a><\/p>\n<p><a title=\"Jerusalem - Abraham Hostel\" href=\"http:\/\/www.abraham-hostel-jerusalem.com\/\" target=\"_blank\" rel=\"noopener noreferrer\">Jerusalem \u2013 Abraham Hostel<\/a><\/p>\n<p><a title=\"Kiev - theHub Hostel\" href=\"http:\/\/www.thehubhostel.com\/\" target=\"_blank\" rel=\"noopener noreferrer\">Kiev \u2013 theHub Hostel<\/a><\/p>\n<p><a title=\"Krakow - Pink Panther's Hostel\" href=\"http:\/\/www.pinkpanthershostel.com\/\" target=\"_blank\" rel=\"noopener noreferrer\">Krakow \u2013 Pink Panther\u2019s Hostel<\/a><\/p>\n<p><a title=\" Lisbon \u2013 Oasis Backpackers\u2019 Mansion\" href=\"http:\/\/www.oasislisboa.com\/\" target=\"_blank\" rel=\"noopener noreferrer\">Lisbon \u2013 Oasis Backpackers\u2019 Mansion<\/a><\/p>\n<p><a title=\"Loch Ness \u2013 Morag\u2019s Lodge\" href=\"http:\/\/www.moragslodge.com\/\" target=\"_blank\" rel=\"noopener noreferrer\">Loch Ness \u2013 Morag\u2019s Lodge<\/a><\/p>\n<p>[\/textblock][textblock align=right]<\/p>\n<p><a title=\"London \u2013 St Christopher\u2019s Inn\" href=\"http:\/\/www.st-christophers.co.uk\/london-hostels\/london\/london-bridge\" target=\"_blank\" rel=\"noopener noreferrer\">London \u2013 St Christopher\u2019s Inn<\/a><\/p>\n<p><a title=\"Madrid \u2013 Cat\u2019s Hostel\" href=\"http:\/\/www.catshostel.com\/\" target=\"_blank\" rel=\"noopener noreferrer\">Madrid \u2013 Cat\u2019s Hostel<\/a><\/p>\n<p><a title=\"Malaga - Oasis Hostel\" href=\"http:\/\/hostelsoasis.com\/malaga-hostels\/oasis-malaga\/\" target=\"_blank\" rel=\"noopener noreferrer\">Malaga \u2013 Oasis Hostel<\/a><\/p>\n<p><a title=\"Marseille - Vertigo Vieux-Port\" href=\"http:\/\/www.hotelvertigo.fr\/\" target=\"_blank\" rel=\"noopener noreferrer\">Marseille \u2013 Vertigo Vieux-Port<\/a><\/p>\n<p><a title=\" Munich \u2013 Euro Youth Hotel\" href=\"http:\/\/www.euro-youth-hotel.de\/\" target=\"_blank\" rel=\"noopener noreferrer\">Munich \u2013 Euro Youth Hotel<\/a><\/p>\n<p><a title=\" Naples \u2013 Hostel of the Sun\" href=\"http:\/\/www.hostelnapoli.com\/\" target=\"_blank\" rel=\"noopener noreferrer\">Naples \u2013 Hostel of the Sun<\/a><\/p>\n<p><a title=\" Nice - Villa Saint Exupery Hostel\" href=\"https:\/\/villahostels.com\/\" target=\"_blank\" rel=\"noopener noreferrer\">Nice \u2013 Villa Saint Exupery Hostel<\/a><\/p>\n<p><a title=\"Paris \u2013 St Christopher\u2019s Inn\" href=\"http:\/\/www.st-christophers.co.uk\/paris-hostels\" target=\"_blank\" rel=\"noopener noreferrer\">Paris \u2013 St Christopher\u2019s Inn<\/a><\/p>\n<p><a title=\" Prague - Czech Inn Hostel\" href=\"http:\/\/www.czech-inn.com\/\" target=\"_blank\" rel=\"noopener noreferrer\">Prague \u2013 Czech Inn Hostel<\/a><\/p>\n<p><a title=\"Riga \u2013 Friendly Fun Frank\u2019s Hostel\" href=\"http:\/\/www.franks.lv\/\" target=\"_blank\" rel=\"noopener noreferrer\">Riga \u2013 Friendly Fun Frank\u2019s Hostel<\/a><\/p>\n<p><a title=\" Rimini \u2013 Sunflower Beach Hostel\" href=\"http:\/\/www.sunflowerhostel.com\/en\/index.asp\" target=\"_blank\" rel=\"noopener noreferrer\">Rimini \u2013 Sunflower Beach Hostel <\/a><\/p>\n<p><a title=\"Rome \u2013 Alessandro Palace &amp; Bar\" href=\"http:\/\/www.hostelsalessandro.com\/\" target=\"_blank\" rel=\"noopener noreferrer\">Rome \u2013 Alessandro Palace &amp; Bar<\/a><\/p>\n<p><a title=\" Rotterdam - Hostel Room\" href=\"http:\/\/www.roomrotterdam.nl\/\" target=\"_blank\" rel=\"noopener noreferrer\">Rotterdam \u2013 Hostel Room <\/a><\/p>\n<p><a title=\" Salzburg \u2013 Yoho International Hostel\" href=\"http:\/\/www.yoho.at\/\" target=\"_blank\" rel=\"noopener noreferrer\">Salzburg \u2013 Yoho International Hostel<\/a><\/p>\n<p><a title=\" Sevilla \u2013 Oasis Backpackers\u2019 Hostel\" href=\"http:\/\/hostelsoasis.com\/seville-hostels\/\" target=\"_blank\" rel=\"noopener noreferrer\">Sevilla \u2013 Oasis Backpackers\u2019 Hostel<\/a><\/p>\n<p><a title=\" Sorrento \u2013 Seven Hostel\" href=\"http:\/\/www.sevenhostel.com\/\" target=\"_blank\" rel=\"noopener noreferrer\">Sorrento \u2013 Seven Hostel <\/a><\/p>\n<p><a title=\"Stockholm \u2013 City Backpackers Hostel\" href=\"http:\/\/www.citybackpackers.org\/\" target=\"_blank\" rel=\"noopener noreferrer\">Stockholm \u2013 City Backpackers Hostel<\/a><\/p>\n<p><a title=\" Valencia \u2013 Home Hostel Valencia\" href=\"http:\/\/www.homehostelsvalencia.com\/\" target=\"_blank\" rel=\"noopener noreferrer\">Valencia \u2013 Home Hostel Valencia<\/a><\/p>\n<p><a title=\"Vienna - Hostel Ruthensteiner\" href=\"http:\/\/www.hostelruthensteiner.com\/\" target=\"_blank\" rel=\"noopener noreferrer\">Vienna<\/a> &#8211; <a title=\"Hostel Ruthensteiner-Vienna\" href=\"http:\/\/www.hostelruthensteiner.com\/\" target=\"_blank\" rel=\"noopener noreferrer\">Hostel Ruthensteiner<\/a><\/p>\n<p><a title=\"Warsaw - Oki Doki Hostel\" href=\"http:\/\/okidoki.pl\/\" target=\"_blank\" rel=\"noopener noreferrer\">Warsaw \u2013 Oki Doki Hostel<\/a><\/p>\n<p><a title=\"Zagreb - Chillout Hostel\" href=\"http:\/\/www.chillout-hostel-zagreb.com\/\" target=\"_blank\" rel=\"noopener noreferrer\">Zagreb \u2013 Chillout Hostel<\/a><\/p>\n<p>[\/textblock]<\/p>\n","protected":false},"excerpt":{"rendered":"<p>Meet all our Friends! We are a proud member of Europe\u2019s Famous Hostels, a network of independent hostels offering backpackers the best services, facilities and fun in 42 locations throughout Europe Stay with our friends and sleep with someone famous&#8230; [textblock align=left] Amsterdam \u2013 The Flying Pig Athens \u2013 Athens Style Hostel Bad Gastein \u2013&#8230;<\/p>\n","protected":false},"author":8,"featured_media":0,"parent":0,"menu_order":0,"comment_status":"closed","ping_status":"closed","template":"genericPage.php","meta":{"_acf_changed":false,"footnotes":""},"class_list":["post-6834","page","type-page","status-publish","hentry"],"acf":[],"yoast_head":"<!-- This site is optimized with the Yoast SEO Premium plugin v27.1 (Yoast SEO v27.1.1) - https:\/\/yoast.com\/product\/yoast-seo-premium-wordpress\/ -->\n<title>Famous Hostels - Villa Hostels Nice France - Book direct and save<\/title>\n<meta name=\"description\" content=\"We are a proud member of Europe\u2019s Famous Hostels, a network of independent hostels offering backpackers the best facilities in 42 locations in Europe.\" \/>\n<meta name=\"robots\" content=\"index, follow, max-snippet:-1, max-image-preview:large, max-video-preview:-1\" \/>\n<link rel=\"canonical\" href=\"https:\/\/villahostels.com\/pl\/slynne-hostele\/\" \/>\n<meta property=\"og:locale\" content=\"pl_PL\" \/>\n<meta property=\"og:type\" content=\"article\" \/>\n<meta property=\"og:title\" content=\"Famous Hostels\" \/>\n<meta property=\"og:description\" content=\"We are a proud member of Europe\u2019s Famous Hostels, a network of independent hostels offering backpackers the best facilities in 42 locations in Europe.\" \/>\n<meta property=\"og:url\" content=\"https:\/\/villahostels.com\/pl\/slynne-hostele\/\" \/>\n<meta property=\"og:site_name\" content=\"Villa Hostels\" \/>\n<meta property=\"article:publisher\" content=\"https:\/\/www.facebook.com\/villahostels.nice\/\" \/>\n<meta property=\"article:modified_time\" content=\"2019-08-07T19:20:42+00:00\" \/>\n<meta property=\"og:image\" content=\"https:\/\/villahostels.com\/wp-content\/uploads\/nice-france-sunset-hostel.jpg\" \/>\n\t<meta property=\"og:image:width\" content=\"1400\" \/>\n\t<meta property=\"og:image:height\" content=\"939\" \/>\n\t<meta property=\"og:image:type\" content=\"image\/jpeg\" \/>\n<meta name=\"twitter:card\" content=\"summary_large_image\" \/>\n<meta name=\"twitter:site\" content=\"@villahostels\" \/>\n<meta name=\"twitter:label1\" content=\"Szacowany czas czytania\" \/>\n\t<meta name=\"twitter:data1\" content=\"1 minuta\" \/>\n<script type=\"application\/ld+json\" class=\"yoast-schema-graph\">{\"@context\":\"https:\/\/schema.org\",\"@graph\":[{\"@type\":\"Article\",\"@id\":\"https:\/\/villahostels.com\/famous-hostels\/#article\",\"isPartOf\":{\"@id\":\"https:\/\/villahostels.com\/famous-hostels\/\"},\"author\":{\"name\":\"mat\",\"@id\":\"https:\/\/villahostels.com\/#\/schema\/person\/2db058530234bae80f82c398f8088115\"},\"headline\":\"Famous Hostels\",\"datePublished\":\"2019-02-11T13:16:04+00:00\",\"dateModified\":\"2019-08-07T19:20:42+00:00\",\"mainEntityOfPage\":{\"@id\":\"https:\/\/villahostels.com\/famous-hostels\/\"},\"wordCount\":220,\"publisher\":{\"@id\":\"https:\/\/villahostels.com\/#organization\"},\"inLanguage\":\"pl-PL\"},{\"@type\":\"WebPage\",\"@id\":\"https:\/\/villahostels.com\/famous-hostels\/\",\"url\":\"https:\/\/villahostels.com\/famous-hostels\/\",\"name\":\"Famous Hostels - Villa Hostels Nice France - Book direct and save\",\"isPartOf\":{\"@id\":\"https:\/\/villahostels.com\/#website\"},\"datePublished\":\"2019-02-11T13:16:04+00:00\",\"dateModified\":\"2019-08-07T19:20:42+00:00\",\"description\":\"We are a proud member of Europe\u2019s Famous Hostels, a network of independent hostels offering backpackers the best facilities in 42 locations in Europe.\",\"breadcrumb\":{\"@id\":\"https:\/\/villahostels.com\/famous-hostels\/#breadcrumb\"},\"inLanguage\":\"pl-PL\",\"potentialAction\":[{\"@type\":\"ReadAction\",\"target\":[\"https:\/\/villahostels.com\/famous-hostels\/\"]}]},{\"@type\":\"BreadcrumbList\",\"@id\":\"https:\/\/villahostels.com\/famous-hostels\/#breadcrumb\",\"itemListElement\":[{\"@type\":\"ListItem\",\"position\":1,\"name\":\"Home\",\"item\":\"https:\/\/villahostels.com\/\"},{\"@type\":\"ListItem\",\"position\":2,\"name\":\"Famous Hostels\"}]},{\"@type\":\"WebSite\",\"@id\":\"https:\/\/villahostels.com\/#website\",\"url\":\"https:\/\/villahostels.com\/\",\"name\":\"Villa Hostels\",\"description\":\"Best Hostels in Nice\",\"publisher\":{\"@id\":\"https:\/\/villahostels.com\/#organization\"},\"potentialAction\":[{\"@type\":\"SearchAction\",\"target\":{\"@type\":\"EntryPoint\",\"urlTemplate\":\"https:\/\/villahostels.com\/?s={search_term_string}\"},\"query-input\":{\"@type\":\"PropertyValueSpecification\",\"valueRequired\":true,\"valueName\":\"search_term_string\"}}],\"inLanguage\":\"pl-PL\"},{\"@type\":\"Organization\",\"@id\":\"https:\/\/villahostels.com\/#organization\",\"name\":\"Villa Hostels Nice\",\"url\":\"https:\/\/villahostels.com\/\",\"logo\":{\"@type\":\"ImageObject\",\"inLanguage\":\"pl-PL\",\"@id\":\"https:\/\/villahostels.com\/#\/schema\/logo\/image\/\",\"url\":\"https:\/\/villahostels.com\/wp-content\/uploads\/villa-hostels-logo-80h.png\",\"contentUrl\":\"https:\/\/villahostels.com\/wp-content\/uploads\/villa-hostels-logo-80h.png\",\"width\":470,\"height\":80,\"caption\":\"Villa Hostels Nice\"},\"image\":{\"@id\":\"https:\/\/villahostels.com\/#\/schema\/logo\/image\/\"},\"sameAs\":[\"https:\/\/www.facebook.com\/villahostels.nice\/\",\"https:\/\/x.com\/villahostels\",\"https:\/\/www.instagram.com\/villahostels\/\",\"https:\/\/www.pinterest.co.uk\/villasaintex\/\",\"https:\/\/www.youtube.com\/@TheVillaNice\"]},{\"@type\":\"Person\",\"@id\":\"https:\/\/villahostels.com\/#\/schema\/person\/2db058530234bae80f82c398f8088115\",\"name\":\"mat\"}]}<\/script>\n<!-- \/ Yoast SEO Premium plugin. -->","yoast_head_json":{"title":"S\u0142ynne hostele - Villa Hostels Nicea Francja - Zarezerwuj bezpo\u015brednio i zaoszcz\u0119d\u017a","description":"Jeste\u015bmy dumnym cz\u0142onkiem Europe's Famous Hostels, sieci niezale\u017cnych hosteli oferuj\u0105cych turystom najlepsze udogodnienia w 42 lokalizacjach w Europie.","robots":{"index":"index","follow":"follow","max-snippet":"max-snippet:-1","max-image-preview":"max-image-preview:large","max-video-preview":"max-video-preview:-1"},"canonical":"https:\/\/villahostels.com\/pl\/slynne-hostele\/","og_locale":"pl_PL","og_type":"article","og_title":"Famous Hostels","og_description":"We are a proud member of Europe\u2019s Famous Hostels, a network of independent hostels offering backpackers the best facilities in 42 locations in Europe.","og_url":"https:\/\/villahostels.com\/pl\/slynne-hostele\/","og_site_name":"Villa Hostels","article_publisher":"https:\/\/www.facebook.com\/villahostels.nice\/","article_modified_time":"2019-08-07T19:20:42+00:00","og_image":[{"width":1400,"height":939,"url":"https:\/\/villahostels.com\/wp-content\/uploads\/nice-france-sunset-hostel.jpg","type":"image\/jpeg"}],"twitter_card":"summary_large_image","twitter_site":"@villahostels","twitter_misc":{"Szacowany czas czytania":"1 minuta"},"schema":{"@context":"https:\/\/schema.org","@graph":[{"@type":"Article","@id":"https:\/\/villahostels.com\/famous-hostels\/#article","isPartOf":{"@id":"https:\/\/villahostels.com\/famous-hostels\/"},"author":{"name":"mat","@id":"https:\/\/villahostels.com\/#\/schema\/person\/2db058530234bae80f82c398f8088115"},"headline":"Famous Hostels","datePublished":"2019-02-11T13:16:04+00:00","dateModified":"2019-08-07T19:20:42+00:00","mainEntityOfPage":{"@id":"https:\/\/villahostels.com\/famous-hostels\/"},"wordCount":220,"publisher":{"@id":"https:\/\/villahostels.com\/#organization"},"inLanguage":"pl-PL"},{"@type":"WebPage","@id":"https:\/\/villahostels.com\/famous-hostels\/","url":"https:\/\/villahostels.com\/famous-hostels\/","name":"S\u0142ynne hostele - Villa Hostels Nicea Francja - Zarezerwuj bezpo\u015brednio i zaoszcz\u0119d\u017a","isPartOf":{"@id":"https:\/\/villahostels.com\/#website"},"datePublished":"2019-02-11T13:16:04+00:00","dateModified":"2019-08-07T19:20:42+00:00","description":"Jeste\u015bmy dumnym cz\u0142onkiem Europe's Famous Hostels, sieci niezale\u017cnych hosteli oferuj\u0105cych turystom najlepsze udogodnienia w 42 lokalizacjach w Europie.","breadcrumb":{"@id":"https:\/\/villahostels.com\/famous-hostels\/#breadcrumb"},"inLanguage":"pl-PL","potentialAction":[{"@type":"ReadAction","target":["https:\/\/villahostels.com\/famous-hostels\/"]}]},{"@type":"BreadcrumbList","@id":"https:\/\/villahostels.com\/famous-hostels\/#breadcrumb","itemListElement":[{"@type":"ListItem","position":1,"name":"Home","item":"https:\/\/villahostels.com\/"},{"@type":"ListItem","position":2,"name":"Famous Hostels"}]},{"@type":"WebSite","@id":"https:\/\/villahostels.com\/#website","url":"https:\/\/villahostels.com\/","name":"Hostele Villa","description":"Najlepsze hostele w Nicei","publisher":{"@id":"https:\/\/villahostels.com\/#organization"},"potentialAction":[{"@type":"SearchAction","target":{"@type":"EntryPoint","urlTemplate":"https:\/\/villahostels.com\/?s={search_term_string}"},"query-input":{"@type":"PropertyValueSpecification","valueRequired":true,"valueName":"search_term_string"}}],"inLanguage":"pl-PL"},{"@type":"Organization","@id":"https:\/\/villahostels.com\/#organization","name":"Villa Hostels Nicea","url":"https:\/\/villahostels.com\/","logo":{"@type":"ImageObject","inLanguage":"pl-PL","@id":"https:\/\/villahostels.com\/#\/schema\/logo\/image\/","url":"https:\/\/villahostels.com\/wp-content\/uploads\/villa-hostels-logo-80h.png","contentUrl":"https:\/\/villahostels.com\/wp-content\/uploads\/villa-hostels-logo-80h.png","width":470,"height":80,"caption":"Villa Hostels Nice"},"image":{"@id":"https:\/\/villahostels.com\/#\/schema\/logo\/image\/"},"sameAs":["https:\/\/www.facebook.com\/villahostels.nice\/","https:\/\/x.com\/villahostels","https:\/\/www.instagram.com\/villahostels\/","https:\/\/www.pinterest.co.uk\/villasaintex\/","https:\/\/www.youtube.com\/@TheVillaNice"]},{"@type":"Person","@id":"https:\/\/villahostels.com\/#\/schema\/person\/2db058530234bae80f82c398f8088115","name":"mata"}]}},"_links":{"self":[{"href":"https:\/\/villahostels.com\/pl\/wp-json\/wp\/v2\/pages\/6834","targetHints":{"allow":["GET"]}}],"collection":[{"href":"https:\/\/villahostels.com\/pl\/wp-json\/wp\/v2\/pages"}],"about":[{"href":"https:\/\/villahostels.com\/pl\/wp-json\/wp\/v2\/types\/page"}],"author":[{"embeddable":true,"href":"https:\/\/villahostels.com\/pl\/wp-json\/wp\/v2\/users\/8"}],"replies":[{"embeddable":true,"href":"https:\/\/villahostels.com\/pl\/wp-json\/wp\/v2\/comments?post=6834"}],"version-history":[{"count":0,"href":"https:\/\/villahostels.com\/pl\/wp-json\/wp\/v2\/pages\/6834\/revisions"}],"wp:attachment":[{"href":"https:\/\/villahostels.com\/pl\/wp-json\/wp\/v2\/media?parent=6834"}],"curies":[{"name":"wp","href":"https:\/\/api.w.org\/{rel}","templated":true}]}}