{"id":7907,"date":"2019-04-05T07:39:30","date_gmt":"2019-04-05T05:39:30","guid":{"rendered":"https:\/\/villahostels.com\/?page_id=7907"},"modified":"2025-07-28T13:32:16","modified_gmt":"2025-07-28T11:32:16","slug":"se-do","status":"publish","type":"page","link":"https:\/\/villahostels.com\/nb\/see-do\/","title":{"rendered":"Hva du kan se og gj\u00f8re i Nice og p\u00e5 den franske rivieraen"},"content":{"rendered":"","protected":false},"excerpt":{"rendered":"","protected":false},"author":8,"featured_media":0,"parent":0,"menu_order":0,"comment_status":"closed","ping_status":"closed","template":"seedo.php","meta":{"_acf_changed":false,"footnotes":""},"class_list":["post-7907","page","type-page","status-publish","hentry"],"acf":[],"yoast_head":"<!-- This site is optimized with the Yoast SEO Premium plugin v27.1 (Yoast SEO v27.1.1) - https:\/\/yoast.com\/product\/yoast-seo-premium-wordpress\/ -->\n<title>An in-depth guide to what to see and do on the French Riviera with Villa Hostels<\/title>\n<meta name=\"description\" content=\"Our guide of what to see and do in Nice and around the C\u00f4te d&#039;Azure. Day trips, museums, nightlife, beaches, tours of the old town and more!\" \/>\n<meta name=\"robots\" content=\"index, follow, max-snippet:-1, max-image-preview:large, max-video-preview:-1\" \/>\n<link rel=\"canonical\" href=\"https:\/\/villahostels.com\/nb\/se-do\/\" \/>\n<meta property=\"og:locale\" content=\"nb_NO\" \/>\n<meta property=\"og:type\" content=\"article\" \/>\n<meta property=\"og:title\" content=\"What to See &amp; Do in Nice, France.\" \/>\n<meta property=\"og:description\" content=\"Find out where to go, and what to see and do during your stay in Nice, France with our extensive guide to the French Riviera.\" \/>\n<meta property=\"og:url\" content=\"https:\/\/villahostels.com\/nb\/se-do\/\" \/>\n<meta property=\"og:site_name\" content=\"Villa Hostels\" \/>\n<meta property=\"article:publisher\" content=\"https:\/\/www.facebook.com\/villahostels.nice\/\" \/>\n<meta property=\"article:modified_time\" content=\"2025-07-28T11:32:16+00:00\" \/>\n<meta property=\"og:image\" content=\"https:\/\/villahostels.com\/wp-content\/uploads\/City-and-beach-old-town-nice-france-villa-hostels.jpg\" \/>\n\t<meta property=\"og:image:width\" content=\"1280\" \/>\n\t<meta property=\"og:image:height\" content=\"852\" \/>\n\t<meta property=\"og:image:type\" content=\"image\/jpeg\" \/>\n<meta name=\"twitter:card\" content=\"summary_large_image\" \/>\n<meta name=\"twitter:title\" content=\"What to See &amp; Do in Nice, France.\" \/>\n<meta name=\"twitter:description\" content=\"Find out where to go, and what to see and do during your stay in Nice, France with our extensive guide to the French Riviera.\" \/>\n<meta name=\"twitter:site\" content=\"@villahostels\" \/>\n<meta name=\"twitter:label1\" content=\"Ansl. lesetid\" \/>\n\t<meta name=\"twitter:data1\" content=\"1 minutt\" \/>\n<script type=\"application\/ld+json\" class=\"yoast-schema-graph\">{\"@context\":\"https:\/\/schema.org\",\"@graph\":[{\"@type\":\"Article\",\"@id\":\"https:\/\/villahostels.com\/see-do\/#article\",\"isPartOf\":{\"@id\":\"https:\/\/villahostels.com\/see-do\/\"},\"author\":{\"name\":\"mat\",\"@id\":\"https:\/\/villahostels.com\/#\/schema\/person\/2db058530234bae80f82c398f8088115\"},\"headline\":\"What to See &#038; Do in Nice and the French Riviera\",\"datePublished\":\"2019-04-05T05:39:30+00:00\",\"dateModified\":\"2025-07-28T11:32:16+00:00\",\"mainEntityOfPage\":{\"@id\":\"https:\/\/villahostels.com\/see-do\/\"},\"wordCount\":10,\"publisher\":{\"@id\":\"https:\/\/villahostels.com\/#organization\"},\"inLanguage\":\"nb-NO\"},{\"@type\":\"WebPage\",\"@id\":\"https:\/\/villahostels.com\/see-do\/\",\"url\":\"https:\/\/villahostels.com\/see-do\/\",\"name\":\"An in-depth guide to what to see and do on the French Riviera with Villa Hostels\",\"isPartOf\":{\"@id\":\"https:\/\/villahostels.com\/#website\"},\"datePublished\":\"2019-04-05T05:39:30+00:00\",\"dateModified\":\"2025-07-28T11:32:16+00:00\",\"description\":\"Our guide of what to see and do in Nice and around the C\u00f4te d'Azure. Day trips, museums, nightlife, beaches, tours of the old town and more!\",\"breadcrumb\":{\"@id\":\"https:\/\/villahostels.com\/see-do\/#breadcrumb\"},\"inLanguage\":\"nb-NO\",\"potentialAction\":[{\"@type\":\"ReadAction\",\"target\":[\"https:\/\/villahostels.com\/see-do\/\"]}]},{\"@type\":\"BreadcrumbList\",\"@id\":\"https:\/\/villahostels.com\/see-do\/#breadcrumb\",\"itemListElement\":[{\"@type\":\"ListItem\",\"position\":1,\"name\":\"Home\",\"item\":\"https:\/\/villahostels.com\/\"},{\"@type\":\"ListItem\",\"position\":2,\"name\":\"What to See &#038; Do in Nice and the French Riviera\"}]},{\"@type\":\"WebSite\",\"@id\":\"https:\/\/villahostels.com\/#website\",\"url\":\"https:\/\/villahostels.com\/\",\"name\":\"Villa Hostels\",\"description\":\"Best Hostels in Nice\",\"publisher\":{\"@id\":\"https:\/\/villahostels.com\/#organization\"},\"potentialAction\":[{\"@type\":\"SearchAction\",\"target\":{\"@type\":\"EntryPoint\",\"urlTemplate\":\"https:\/\/villahostels.com\/?s={search_term_string}\"},\"query-input\":{\"@type\":\"PropertyValueSpecification\",\"valueRequired\":true,\"valueName\":\"search_term_string\"}}],\"inLanguage\":\"nb-NO\"},{\"@type\":\"Organization\",\"@id\":\"https:\/\/villahostels.com\/#organization\",\"name\":\"Villa Hostels Nice\",\"url\":\"https:\/\/villahostels.com\/\",\"logo\":{\"@type\":\"ImageObject\",\"inLanguage\":\"nb-NO\",\"@id\":\"https:\/\/villahostels.com\/#\/schema\/logo\/image\/\",\"url\":\"https:\/\/villahostels.com\/wp-content\/uploads\/villa-hostels-logo-80h.png\",\"contentUrl\":\"https:\/\/villahostels.com\/wp-content\/uploads\/villa-hostels-logo-80h.png\",\"width\":470,\"height\":80,\"caption\":\"Villa Hostels Nice\"},\"image\":{\"@id\":\"https:\/\/villahostels.com\/#\/schema\/logo\/image\/\"},\"sameAs\":[\"https:\/\/www.facebook.com\/villahostels.nice\/\",\"https:\/\/x.com\/villahostels\",\"https:\/\/www.instagram.com\/villahostels\/\",\"https:\/\/www.pinterest.co.uk\/villasaintex\/\",\"https:\/\/www.youtube.com\/@TheVillaNice\"]},{\"@type\":\"Person\",\"@id\":\"https:\/\/villahostels.com\/#\/schema\/person\/2db058530234bae80f82c398f8088115\",\"name\":\"mat\"}]}<\/script>\n<!-- \/ Yoast SEO Premium plugin. -->","yoast_head_json":{"title":"En grundig guide til hva du kan se og gj\u00f8re p\u00e5 den franske rivieraen med Villa Hostels","description":"V\u00e5r guide til hva du kan se og gj\u00f8re i Nice og rundt C\u00f4te d'Azure. Dagsturer, museer, natteliv, strender, turer i gamlebyen og mye mer!","robots":{"index":"index","follow":"follow","max-snippet":"max-snippet:-1","max-image-preview":"max-image-preview:large","max-video-preview":"max-video-preview:-1"},"canonical":"https:\/\/villahostels.com\/nb\/se-do\/","og_locale":"nb_NO","og_type":"article","og_title":"What to See & Do in Nice, France.","og_description":"Find out where to go, and what to see and do during your stay in Nice, France with our extensive guide to the French Riviera.","og_url":"https:\/\/villahostels.com\/nb\/se-do\/","og_site_name":"Villa Hostels","article_publisher":"https:\/\/www.facebook.com\/villahostels.nice\/","article_modified_time":"2025-07-28T11:32:16+00:00","og_image":[{"width":1280,"height":852,"url":"https:\/\/villahostels.com\/wp-content\/uploads\/City-and-beach-old-town-nice-france-villa-hostels.jpg","type":"image\/jpeg"}],"twitter_card":"summary_large_image","twitter_title":"What to See & Do in Nice, France.","twitter_description":"Find out where to go, and what to see and do during your stay in Nice, France with our extensive guide to the French Riviera.","twitter_site":"@villahostels","twitter_misc":{"Ansl. lesetid":"1 minutt"},"schema":{"@context":"https:\/\/schema.org","@graph":[{"@type":"Article","@id":"https:\/\/villahostels.com\/see-do\/#article","isPartOf":{"@id":"https:\/\/villahostels.com\/see-do\/"},"author":{"name":"mat","@id":"https:\/\/villahostels.com\/#\/schema\/person\/2db058530234bae80f82c398f8088115"},"headline":"What to See &#038; Do in Nice and the French Riviera","datePublished":"2019-04-05T05:39:30+00:00","dateModified":"2025-07-28T11:32:16+00:00","mainEntityOfPage":{"@id":"https:\/\/villahostels.com\/see-do\/"},"wordCount":10,"publisher":{"@id":"https:\/\/villahostels.com\/#organization"},"inLanguage":"nb-NO"},{"@type":"WebPage","@id":"https:\/\/villahostels.com\/see-do\/","url":"https:\/\/villahostels.com\/see-do\/","name":"En grundig guide til hva du kan se og gj\u00f8re p\u00e5 den franske rivieraen med Villa Hostels","isPartOf":{"@id":"https:\/\/villahostels.com\/#website"},"datePublished":"2019-04-05T05:39:30+00:00","dateModified":"2025-07-28T11:32:16+00:00","description":"V\u00e5r guide til hva du kan se og gj\u00f8re i Nice og rundt C\u00f4te d'Azure. Dagsturer, museer, natteliv, strender, turer i gamlebyen og mye mer!","breadcrumb":{"@id":"https:\/\/villahostels.com\/see-do\/#breadcrumb"},"inLanguage":"nb-NO","potentialAction":[{"@type":"ReadAction","target":["https:\/\/villahostels.com\/see-do\/"]}]},{"@type":"BreadcrumbList","@id":"https:\/\/villahostels.com\/see-do\/#breadcrumb","itemListElement":[{"@type":"ListItem","position":1,"name":"Home","item":"https:\/\/villahostels.com\/"},{"@type":"ListItem","position":2,"name":"What to See &#038; Do in Nice and the French Riviera"}]},{"@type":"WebSite","@id":"https:\/\/villahostels.com\/#website","url":"https:\/\/villahostels.com\/","name":"Villa vandrerhjem","description":"De beste vandrerhjemmene i Nice","publisher":{"@id":"https:\/\/villahostels.com\/#organization"},"potentialAction":[{"@type":"SearchAction","target":{"@type":"EntryPoint","urlTemplate":"https:\/\/villahostels.com\/?s={search_term_string}"},"query-input":{"@type":"PropertyValueSpecification","valueRequired":true,"valueName":"search_term_string"}}],"inLanguage":"nb-NO"},{"@type":"Organization","@id":"https:\/\/villahostels.com\/#organization","name":"Villa Hostels Nice","url":"https:\/\/villahostels.com\/","logo":{"@type":"ImageObject","inLanguage":"nb-NO","@id":"https:\/\/villahostels.com\/#\/schema\/logo\/image\/","url":"https:\/\/villahostels.com\/wp-content\/uploads\/villa-hostels-logo-80h.png","contentUrl":"https:\/\/villahostels.com\/wp-content\/uploads\/villa-hostels-logo-80h.png","width":470,"height":80,"caption":"Villa Hostels Nice"},"image":{"@id":"https:\/\/villahostels.com\/#\/schema\/logo\/image\/"},"sameAs":["https:\/\/www.facebook.com\/villahostels.nice\/","https:\/\/x.com\/villahostels","https:\/\/www.instagram.com\/villahostels\/","https:\/\/www.pinterest.co.uk\/villasaintex\/","https:\/\/www.youtube.com\/@TheVillaNice"]},{"@type":"Person","@id":"https:\/\/villahostels.com\/#\/schema\/person\/2db058530234bae80f82c398f8088115","name":"matte"}]}},"_links":{"self":[{"href":"https:\/\/villahostels.com\/nb\/wp-json\/wp\/v2\/pages\/7907","targetHints":{"allow":["GET"]}}],"collection":[{"href":"https:\/\/villahostels.com\/nb\/wp-json\/wp\/v2\/pages"}],"about":[{"href":"https:\/\/villahostels.com\/nb\/wp-json\/wp\/v2\/types\/page"}],"author":[{"embeddable":true,"href":"https:\/\/villahostels.com\/nb\/wp-json\/wp\/v2\/users\/8"}],"replies":[{"embeddable":true,"href":"https:\/\/villahostels.com\/nb\/wp-json\/wp\/v2\/comments?post=7907"}],"version-history":[{"count":0,"href":"https:\/\/villahostels.com\/nb\/wp-json\/wp\/v2\/pages\/7907\/revisions"}],"wp:attachment":[{"href":"https:\/\/villahostels.com\/nb\/wp-json\/wp\/v2\/media?parent=7907"}],"curies":[{"name":"wp","href":"https:\/\/api.w.org\/{rel}","templated":true}]}}