{"id":12383,"date":"2024-11-13T11:10:04","date_gmt":"2024-11-13T10:10:04","guid":{"rendered":"https:\/\/villahostels.com\/?page_id=12383"},"modified":"2026-02-24T14:32:01","modified_gmt":"2026-02-24T13:32:01","slug":"eget-grupperom","status":"publish","type":"page","link":"https:\/\/villahostels.com\/nb\/dedicated-groups-room\/","title":{"rendered":"Egne grupperom p\u00e5 Villahostels."},"content":{"rendered":"","protected":false},"excerpt":{"rendered":"","protected":false},"author":8,"featured_media":0,"parent":0,"menu_order":0,"comment_status":"closed","ping_status":"closed","template":"defaultcustom.php","meta":{"_acf_changed":false,"footnotes":""},"class_list":["post-12383","page","type-page","status-publish","hentry"],"acf":[],"yoast_head":"<!-- This site is optimized with the Yoast SEO Premium plugin v27.1 (Yoast SEO v27.1.1) - https:\/\/yoast.com\/product\/yoast-seo-premium-wordpress\/ -->\n<title>Dedicated groups room at Villahostels for all kinds of groups<\/title>\n<meta name=\"description\" content=\"Villahostels has a dedicated groups room to cater for all kinds of groups. A safe and separate environment at our hostel in Nice, France.\" \/>\n<meta name=\"robots\" content=\"index, follow, max-snippet:-1, max-image-preview:large, max-video-preview:-1\" \/>\n<link rel=\"canonical\" href=\"https:\/\/villahostels.com\/nb\/eget-grupperom\/\" \/>\n<meta property=\"og:locale\" content=\"nb_NO\" \/>\n<meta property=\"og:type\" content=\"article\" \/>\n<meta property=\"og:title\" content=\"Dedicated groups room at Villahostels, Nice, France.\" \/>\n<meta property=\"og:description\" content=\"Villahostels has a dedicated groups room to cater for all kinds of groups. A safe and separate environment at our hostel in Nice, France.\" \/>\n<meta property=\"og:url\" content=\"https:\/\/villahostels.com\/nb\/eget-grupperom\/\" \/>\n<meta property=\"og:site_name\" content=\"Villa Hostels\" \/>\n<meta property=\"article:publisher\" content=\"https:\/\/www.facebook.com\/villahostels.nice\/\" \/>\n<meta property=\"article:modified_time\" content=\"2026-02-24T13:32:01+00:00\" \/>\n<meta property=\"og:image\" content=\"https:\/\/villahostels.com\/wp-content\/uploads\/groups-conferencing-coworking-hostel-accommodation.jpg\" \/>\n\t<meta property=\"og:image:width\" content=\"1280\" \/>\n\t<meta property=\"og:image:height\" content=\"853\" \/>\n\t<meta property=\"og:image:type\" content=\"image\/jpeg\" \/>\n<meta name=\"twitter:card\" content=\"summary_large_image\" \/>\n<meta name=\"twitter:title\" content=\"Dedicated groups room at Villahostels, Nice, France.\" \/>\n<meta name=\"twitter:description\" content=\"Villahostels has a dedicated groups room to cater for all kinds of groups. A safe and separate environment at our hostel in Nice, France.\" \/>\n<meta name=\"twitter:site\" content=\"@villahostels\" \/>\n<meta name=\"twitter:label1\" content=\"Ansl. lesetid\" \/>\n\t<meta name=\"twitter:data1\" content=\"3 minutter\" \/>\n<script type=\"application\/ld+json\" class=\"yoast-schema-graph\">{\"@context\":\"https:\/\/schema.org\",\"@graph\":[{\"@type\":\"Article\",\"@id\":\"https:\/\/villahostels.com\/dedicated-groups-room\/#article\",\"isPartOf\":{\"@id\":\"https:\/\/villahostels.com\/dedicated-groups-room\/\"},\"author\":{\"name\":\"mat\",\"@id\":\"https:\/\/villahostels.com\/#\/schema\/person\/2db058530234bae80f82c398f8088115\"},\"headline\":\"Dedicated groups room at Villahostels.\",\"datePublished\":\"2024-11-13T10:10:04+00:00\",\"dateModified\":\"2026-02-24T13:32:01+00:00\",\"mainEntityOfPage\":{\"@id\":\"https:\/\/villahostels.com\/dedicated-groups-room\/\"},\"wordCount\":5,\"publisher\":{\"@id\":\"https:\/\/villahostels.com\/#organization\"},\"inLanguage\":\"nb-NO\"},{\"@type\":\"WebPage\",\"@id\":\"https:\/\/villahostels.com\/dedicated-groups-room\/\",\"url\":\"https:\/\/villahostels.com\/dedicated-groups-room\/\",\"name\":\"Dedicated groups room at Villahostels for all kinds of groups\",\"isPartOf\":{\"@id\":\"https:\/\/villahostels.com\/#website\"},\"datePublished\":\"2024-11-13T10:10:04+00:00\",\"dateModified\":\"2026-02-24T13:32:01+00:00\",\"description\":\"Villahostels has a dedicated groups room to cater for all kinds of groups. A safe and separate environment at our hostel in Nice, France.\",\"breadcrumb\":{\"@id\":\"https:\/\/villahostels.com\/dedicated-groups-room\/#breadcrumb\"},\"inLanguage\":\"nb-NO\",\"potentialAction\":[{\"@type\":\"ReadAction\",\"target\":[\"https:\/\/villahostels.com\/dedicated-groups-room\/\"]}]},{\"@type\":\"BreadcrumbList\",\"@id\":\"https:\/\/villahostels.com\/dedicated-groups-room\/#breadcrumb\",\"itemListElement\":[{\"@type\":\"ListItem\",\"position\":1,\"name\":\"Home\",\"item\":\"https:\/\/villahostels.com\/\"},{\"@type\":\"ListItem\",\"position\":2,\"name\":\"Dedicated groups room at Villahostels.\"}]},{\"@type\":\"WebSite\",\"@id\":\"https:\/\/villahostels.com\/#website\",\"url\":\"https:\/\/villahostels.com\/\",\"name\":\"Villa Hostels\",\"description\":\"Best Hostels in Nice\",\"publisher\":{\"@id\":\"https:\/\/villahostels.com\/#organization\"},\"potentialAction\":[{\"@type\":\"SearchAction\",\"target\":{\"@type\":\"EntryPoint\",\"urlTemplate\":\"https:\/\/villahostels.com\/?s={search_term_string}\"},\"query-input\":{\"@type\":\"PropertyValueSpecification\",\"valueRequired\":true,\"valueName\":\"search_term_string\"}}],\"inLanguage\":\"nb-NO\"},{\"@type\":\"Organization\",\"@id\":\"https:\/\/villahostels.com\/#organization\",\"name\":\"Villa Hostels Nice\",\"url\":\"https:\/\/villahostels.com\/\",\"logo\":{\"@type\":\"ImageObject\",\"inLanguage\":\"nb-NO\",\"@id\":\"https:\/\/villahostels.com\/#\/schema\/logo\/image\/\",\"url\":\"https:\/\/villahostels.com\/wp-content\/uploads\/villa-hostels-logo-80h.png\",\"contentUrl\":\"https:\/\/villahostels.com\/wp-content\/uploads\/villa-hostels-logo-80h.png\",\"width\":470,\"height\":80,\"caption\":\"Villa Hostels Nice\"},\"image\":{\"@id\":\"https:\/\/villahostels.com\/#\/schema\/logo\/image\/\"},\"sameAs\":[\"https:\/\/www.facebook.com\/villahostels.nice\/\",\"https:\/\/x.com\/villahostels\",\"https:\/\/www.instagram.com\/villahostels\/\",\"https:\/\/www.pinterest.co.uk\/villasaintex\/\",\"https:\/\/www.youtube.com\/@TheVillaNice\"]},{\"@type\":\"Person\",\"@id\":\"https:\/\/villahostels.com\/#\/schema\/person\/2db058530234bae80f82c398f8088115\",\"name\":\"mat\"}]}<\/script>\n<!-- \/ Yoast SEO Premium plugin. -->","yoast_head_json":{"title":"Egne grupperom p\u00e5 Villahostels for alle typer grupper","description":"Villahostels har et eget grupperom for \u00e5 im\u00f8tekomme alle typer grupper. Et trygt og separat milj\u00f8 p\u00e5 vandrerhjemmet v\u00e5rt i Nice, Frankrike.","robots":{"index":"index","follow":"follow","max-snippet":"max-snippet:-1","max-image-preview":"max-image-preview:large","max-video-preview":"max-video-preview:-1"},"canonical":"https:\/\/villahostels.com\/nb\/eget-grupperom\/","og_locale":"nb_NO","og_type":"article","og_title":"Dedicated groups room at Villahostels, Nice, France.","og_description":"Villahostels has a dedicated groups room to cater for all kinds of groups. A safe and separate environment at our hostel in Nice, France.","og_url":"https:\/\/villahostels.com\/nb\/eget-grupperom\/","og_site_name":"Villa Hostels","article_publisher":"https:\/\/www.facebook.com\/villahostels.nice\/","article_modified_time":"2026-02-24T13:32:01+00:00","og_image":[{"width":1280,"height":853,"url":"https:\/\/villahostels.com\/wp-content\/uploads\/groups-conferencing-coworking-hostel-accommodation.jpg","type":"image\/jpeg"}],"twitter_card":"summary_large_image","twitter_title":"Dedicated groups room at Villahostels, Nice, France.","twitter_description":"Villahostels has a dedicated groups room to cater for all kinds of groups. A safe and separate environment at our hostel in Nice, France.","twitter_site":"@villahostels","twitter_misc":{"Ansl. lesetid":"3 minutter"},"schema":{"@context":"https:\/\/schema.org","@graph":[{"@type":"Article","@id":"https:\/\/villahostels.com\/dedicated-groups-room\/#article","isPartOf":{"@id":"https:\/\/villahostels.com\/dedicated-groups-room\/"},"author":{"name":"mat","@id":"https:\/\/villahostels.com\/#\/schema\/person\/2db058530234bae80f82c398f8088115"},"headline":"Dedicated groups room at Villahostels.","datePublished":"2024-11-13T10:10:04+00:00","dateModified":"2026-02-24T13:32:01+00:00","mainEntityOfPage":{"@id":"https:\/\/villahostels.com\/dedicated-groups-room\/"},"wordCount":5,"publisher":{"@id":"https:\/\/villahostels.com\/#organization"},"inLanguage":"nb-NO"},{"@type":"WebPage","@id":"https:\/\/villahostels.com\/dedicated-groups-room\/","url":"https:\/\/villahostels.com\/dedicated-groups-room\/","name":"Egne grupperom p\u00e5 Villahostels for alle typer grupper","isPartOf":{"@id":"https:\/\/villahostels.com\/#website"},"datePublished":"2024-11-13T10:10:04+00:00","dateModified":"2026-02-24T13:32:01+00:00","description":"Villahostels har et eget grupperom for \u00e5 im\u00f8tekomme alle typer grupper. Et trygt og separat milj\u00f8 p\u00e5 vandrerhjemmet v\u00e5rt i Nice, Frankrike.","breadcrumb":{"@id":"https:\/\/villahostels.com\/dedicated-groups-room\/#breadcrumb"},"inLanguage":"nb-NO","potentialAction":[{"@type":"ReadAction","target":["https:\/\/villahostels.com\/dedicated-groups-room\/"]}]},{"@type":"BreadcrumbList","@id":"https:\/\/villahostels.com\/dedicated-groups-room\/#breadcrumb","itemListElement":[{"@type":"ListItem","position":1,"name":"Home","item":"https:\/\/villahostels.com\/"},{"@type":"ListItem","position":2,"name":"Dedicated groups room at Villahostels."}]},{"@type":"WebSite","@id":"https:\/\/villahostels.com\/#website","url":"https:\/\/villahostels.com\/","name":"Villa vandrerhjem","description":"De beste vandrerhjemmene i Nice","publisher":{"@id":"https:\/\/villahostels.com\/#organization"},"potentialAction":[{"@type":"SearchAction","target":{"@type":"EntryPoint","urlTemplate":"https:\/\/villahostels.com\/?s={search_term_string}"},"query-input":{"@type":"PropertyValueSpecification","valueRequired":true,"valueName":"search_term_string"}}],"inLanguage":"nb-NO"},{"@type":"Organization","@id":"https:\/\/villahostels.com\/#organization","name":"Villa Hostels Nice","url":"https:\/\/villahostels.com\/","logo":{"@type":"ImageObject","inLanguage":"nb-NO","@id":"https:\/\/villahostels.com\/#\/schema\/logo\/image\/","url":"https:\/\/villahostels.com\/wp-content\/uploads\/villa-hostels-logo-80h.png","contentUrl":"https:\/\/villahostels.com\/wp-content\/uploads\/villa-hostels-logo-80h.png","width":470,"height":80,"caption":"Villa Hostels Nice"},"image":{"@id":"https:\/\/villahostels.com\/#\/schema\/logo\/image\/"},"sameAs":["https:\/\/www.facebook.com\/villahostels.nice\/","https:\/\/x.com\/villahostels","https:\/\/www.instagram.com\/villahostels\/","https:\/\/www.pinterest.co.uk\/villasaintex\/","https:\/\/www.youtube.com\/@TheVillaNice"]},{"@type":"Person","@id":"https:\/\/villahostels.com\/#\/schema\/person\/2db058530234bae80f82c398f8088115","name":"matte"}]}},"_links":{"self":[{"href":"https:\/\/villahostels.com\/nb\/wp-json\/wp\/v2\/pages\/12383","targetHints":{"allow":["GET"]}}],"collection":[{"href":"https:\/\/villahostels.com\/nb\/wp-json\/wp\/v2\/pages"}],"about":[{"href":"https:\/\/villahostels.com\/nb\/wp-json\/wp\/v2\/types\/page"}],"author":[{"embeddable":true,"href":"https:\/\/villahostels.com\/nb\/wp-json\/wp\/v2\/users\/8"}],"replies":[{"embeddable":true,"href":"https:\/\/villahostels.com\/nb\/wp-json\/wp\/v2\/comments?post=12383"}],"version-history":[{"count":4,"href":"https:\/\/villahostels.com\/nb\/wp-json\/wp\/v2\/pages\/12383\/revisions"}],"predecessor-version":[{"id":12823,"href":"https:\/\/villahostels.com\/nb\/wp-json\/wp\/v2\/pages\/12383\/revisions\/12823"}],"wp:attachment":[{"href":"https:\/\/villahostels.com\/nb\/wp-json\/wp\/v2\/media?parent=12383"}],"curies":[{"name":"wp","href":"https:\/\/api.w.org\/{rel}","templated":true}]}}