{"id":909,"date":"2017-02-02T15:37:05","date_gmt":"2017-02-02T08:37:05","guid":{"rendered":"http:\/\/forbetterweb.com\/universal\/?page_id=909"},"modified":"2026-03-03T16:21:04","modified_gmt":"2026-03-03T15:21:04","slug":"architecture-design","status":"publish","type":"page","link":"https:\/\/villahostels.com\/fr\/","title":{"rendered":"Accueil 2026"},"content":{"rendered":"","protected":false},"excerpt":{"rendered":"","protected":false},"author":8,"featured_media":0,"parent":0,"menu_order":0,"comment_status":"closed","ping_status":"closed","template":"homepage.php","meta":{"_acf_changed":false,"footnotes":""},"class_list":["post-909","page","type-page","status-publish","hentry"],"acf":[],"yoast_head":"<!-- This site is optimized with the Yoast SEO Premium plugin v27.1 (Yoast SEO v27.1.1) - https:\/\/yoast.com\/product\/yoast-seo-premium-wordpress\/ -->\n<title>The Biggest And Best Hostel in Nice, France - Villahostels<\/title>\n<meta name=\"description\" content=\"Villa Hostel is located in the Heart of Nice, 50m from the Old Town and beach. Book Accommodation, Tours, Excursions. Groups welcome. Great prices.\" \/>\n<meta name=\"robots\" content=\"index, follow, max-snippet:-1, max-image-preview:large, max-video-preview:-1\" \/>\n<link rel=\"canonical\" href=\"https:\/\/villahostels.com\/fr\/\" \/>\n<meta property=\"og:locale\" content=\"fr_FR\" \/>\n<meta property=\"og:type\" content=\"article\" \/>\n<meta property=\"og:title\" content=\"The Ultimate Hostel Experience in Nice\" \/>\n<meta property=\"og:description\" content=\"Discover the best hostel in Nice, France - Villa Hostels! Located in the heart of the city, just steps away from the beach and the Old Town.\" \/>\n<meta property=\"og:url\" content=\"https:\/\/villahostels.com\/fr\/\" \/>\n<meta property=\"og:site_name\" content=\"Villa Hostels\" \/>\n<meta property=\"article:publisher\" content=\"https:\/\/www.facebook.com\/villahostels.nice\/\" \/>\n<meta property=\"article:modified_time\" content=\"2026-03-03T15:21:04+00:00\" \/>\n<meta property=\"og:image\" content=\"https:\/\/villahostels.com\/wp-content\/uploads\/nice-france-sunset-hostel.jpg\" \/>\n\t<meta property=\"og:image:width\" content=\"1400\" \/>\n\t<meta property=\"og:image:height\" content=\"939\" \/>\n\t<meta property=\"og:image:type\" content=\"image\/jpeg\" \/>\n<meta name=\"twitter:card\" content=\"summary_large_image\" \/>\n<meta name=\"twitter:title\" content=\"The Ultimate Hostel Experience in Nice\" \/>\n<meta name=\"twitter:description\" content=\"Discover the best hostel in Nice, France - Villa Hostels! Located in the heart of the city, just steps away from the beach and the Old Town.\" \/>\n<meta name=\"twitter:site\" content=\"@villahostels\" \/>\n<meta name=\"twitter:label1\" content=\"Dur\u00e9e de lecture estim\u00e9e\" \/>\n\t<meta name=\"twitter:data1\" content=\"3 minutes\" \/>\n<script type=\"application\/ld+json\" class=\"yoast-schema-graph\">{\"@context\":\"https:\/\/schema.org\",\"@graph\":[{\"@type\":\"Article\",\"@id\":\"https:\/\/villahostels.com\/#article\",\"isPartOf\":{\"@id\":\"https:\/\/villahostels.com\/\"},\"author\":{\"name\":\"mat\",\"@id\":\"https:\/\/villahostels.com\/#\/schema\/person\/2db058530234bae80f82c398f8088115\"},\"headline\":\"Homepage 2026\",\"datePublished\":\"2017-02-02T08:37:05+00:00\",\"dateModified\":\"2026-03-03T15:21:04+00:00\",\"mainEntityOfPage\":{\"@id\":\"https:\/\/villahostels.com\/\"},\"wordCount\":1,\"publisher\":{\"@id\":\"https:\/\/villahostels.com\/#organization\"},\"inLanguage\":\"fr-FR\"},{\"@type\":\"WebPage\",\"@id\":\"https:\/\/villahostels.com\/\",\"url\":\"https:\/\/villahostels.com\/\",\"name\":\"The Biggest And Best Hostel in Nice, France - Villahostels\",\"isPartOf\":{\"@id\":\"https:\/\/villahostels.com\/#website\"},\"datePublished\":\"2017-02-02T08:37:05+00:00\",\"dateModified\":\"2026-03-03T15:21:04+00:00\",\"description\":\"Villa Hostel is located in the Heart of Nice, 50m from the Old Town and beach. Book Accommodation, Tours, Excursions. Groups welcome. Great prices.\",\"breadcrumb\":{\"@id\":\"https:\/\/villahostels.com\/#breadcrumb\"},\"inLanguage\":\"fr-FR\",\"potentialAction\":[{\"@type\":\"ReadAction\",\"target\":[\"https:\/\/villahostels.com\/\"]}]},{\"@type\":\"BreadcrumbList\",\"@id\":\"https:\/\/villahostels.com\/#breadcrumb\",\"itemListElement\":[{\"@type\":\"ListItem\",\"position\":1,\"name\":\"Home\",\"item\":\"https:\/\/villahostels.com\/\"},{\"@type\":\"ListItem\",\"position\":2,\"name\":\"Homepage 2026\"}]},{\"@type\":\"WebSite\",\"@id\":\"https:\/\/villahostels.com\/#website\",\"url\":\"https:\/\/villahostels.com\/\",\"name\":\"Villa Hostels\",\"description\":\"Best Hostels in Nice\",\"publisher\":{\"@id\":\"https:\/\/villahostels.com\/#organization\"},\"potentialAction\":[{\"@type\":\"SearchAction\",\"target\":{\"@type\":\"EntryPoint\",\"urlTemplate\":\"https:\/\/villahostels.com\/?s={search_term_string}\"},\"query-input\":{\"@type\":\"PropertyValueSpecification\",\"valueRequired\":true,\"valueName\":\"search_term_string\"}}],\"inLanguage\":\"fr-FR\"},{\"@type\":\"Organization\",\"@id\":\"https:\/\/villahostels.com\/#organization\",\"name\":\"Villa Hostels Nice\",\"url\":\"https:\/\/villahostels.com\/\",\"logo\":{\"@type\":\"ImageObject\",\"inLanguage\":\"fr-FR\",\"@id\":\"https:\/\/villahostels.com\/#\/schema\/logo\/image\/\",\"url\":\"https:\/\/villahostels.com\/wp-content\/uploads\/villa-hostels-logo-80h.png\",\"contentUrl\":\"https:\/\/villahostels.com\/wp-content\/uploads\/villa-hostels-logo-80h.png\",\"width\":470,\"height\":80,\"caption\":\"Villa Hostels Nice\"},\"image\":{\"@id\":\"https:\/\/villahostels.com\/#\/schema\/logo\/image\/\"},\"sameAs\":[\"https:\/\/www.facebook.com\/villahostels.nice\/\",\"https:\/\/x.com\/villahostels\",\"https:\/\/www.instagram.com\/villahostels\/\",\"https:\/\/www.pinterest.co.uk\/villasaintex\/\",\"https:\/\/www.youtube.com\/@TheVillaNice\"]},{\"@type\":\"Person\",\"@id\":\"https:\/\/villahostels.com\/#\/schema\/person\/2db058530234bae80f82c398f8088115\",\"name\":\"mat\"}]}<\/script>\n<!-- \/ Yoast SEO Premium plugin. -->","yoast_head_json":{"title":"La plus grande et la meilleure auberge de jeunesse \u00e0 Nice, France - Villahostels","description":"Villa Hostel est situ\u00e9 au coeur de Nice, \u00e0 50m de la vieille ville et de la plage. R\u00e9servez un h\u00e9bergement, des visites, des excursions. Groupes bienvenus. Prix tr\u00e8s int\u00e9ressants.","robots":{"index":"index","follow":"follow","max-snippet":"max-snippet:-1","max-image-preview":"max-image-preview:large","max-video-preview":"max-video-preview:-1"},"canonical":"https:\/\/villahostels.com\/fr\/","og_locale":"fr_FR","og_type":"article","og_title":"The Ultimate Hostel Experience in Nice","og_description":"Discover the best hostel in Nice, France - Villa Hostels! Located in the heart of the city, just steps away from the beach and the Old Town.","og_url":"https:\/\/villahostels.com\/fr\/","og_site_name":"Villa Hostels","article_publisher":"https:\/\/www.facebook.com\/villahostels.nice\/","article_modified_time":"2026-03-03T15:21:04+00:00","og_image":[{"width":1400,"height":939,"url":"https:\/\/villahostels.com\/wp-content\/uploads\/nice-france-sunset-hostel.jpg","type":"image\/jpeg"}],"twitter_card":"summary_large_image","twitter_title":"The Ultimate Hostel Experience in Nice","twitter_description":"Discover the best hostel in Nice, France - Villa Hostels! Located in the heart of the city, just steps away from the beach and the Old Town.","twitter_site":"@villahostels","twitter_misc":{"Dur\u00e9e de lecture estim\u00e9e":"3 minutes"},"schema":{"@context":"https:\/\/schema.org","@graph":[{"@type":"Article","@id":"https:\/\/villahostels.com\/#article","isPartOf":{"@id":"https:\/\/villahostels.com\/"},"author":{"name":"mat","@id":"https:\/\/villahostels.com\/#\/schema\/person\/2db058530234bae80f82c398f8088115"},"headline":"Homepage 2026","datePublished":"2017-02-02T08:37:05+00:00","dateModified":"2026-03-03T15:21:04+00:00","mainEntityOfPage":{"@id":"https:\/\/villahostels.com\/"},"wordCount":1,"publisher":{"@id":"https:\/\/villahostels.com\/#organization"},"inLanguage":"fr-FR"},{"@type":"WebPage","@id":"https:\/\/villahostels.com\/","url":"https:\/\/villahostels.com\/","name":"La plus grande et la meilleure auberge de jeunesse \u00e0 Nice, France - Villahostels","isPartOf":{"@id":"https:\/\/villahostels.com\/#website"},"datePublished":"2017-02-02T08:37:05+00:00","dateModified":"2026-03-03T15:21:04+00:00","description":"Villa Hostel est situ\u00e9 au coeur de Nice, \u00e0 50m de la vieille ville et de la plage. R\u00e9servez un h\u00e9bergement, des visites, des excursions. Groupes bienvenus. Prix tr\u00e8s int\u00e9ressants.","breadcrumb":{"@id":"https:\/\/villahostels.com\/#breadcrumb"},"inLanguage":"fr-FR","potentialAction":[{"@type":"ReadAction","target":["https:\/\/villahostels.com\/"]}]},{"@type":"BreadcrumbList","@id":"https:\/\/villahostels.com\/#breadcrumb","itemListElement":[{"@type":"ListItem","position":1,"name":"Home","item":"https:\/\/villahostels.com\/"},{"@type":"ListItem","position":2,"name":"Homepage 2026"}]},{"@type":"WebSite","@id":"https:\/\/villahostels.com\/#website","url":"https:\/\/villahostels.com\/","name":"Villa Hostels","description":"Meilleurs auberges \u00e0 Nice","publisher":{"@id":"https:\/\/villahostels.com\/#organization"},"potentialAction":[{"@type":"SearchAction","target":{"@type":"EntryPoint","urlTemplate":"https:\/\/villahostels.com\/?s={search_term_string}"},"query-input":{"@type":"PropertyValueSpecification","valueRequired":true,"valueName":"search_term_string"}}],"inLanguage":"fr-FR"},{"@type":"Organization","@id":"https:\/\/villahostels.com\/#organization","name":"Villa Hostels Nice","url":"https:\/\/villahostels.com\/","logo":{"@type":"ImageObject","inLanguage":"fr-FR","@id":"https:\/\/villahostels.com\/#\/schema\/logo\/image\/","url":"https:\/\/villahostels.com\/wp-content\/uploads\/villa-hostels-logo-80h.png","contentUrl":"https:\/\/villahostels.com\/wp-content\/uploads\/villa-hostels-logo-80h.png","width":470,"height":80,"caption":"Villa Hostels Nice"},"image":{"@id":"https:\/\/villahostels.com\/#\/schema\/logo\/image\/"},"sameAs":["https:\/\/www.facebook.com\/villahostels.nice\/","https:\/\/x.com\/villahostels","https:\/\/www.instagram.com\/villahostels\/","https:\/\/www.pinterest.co.uk\/villasaintex\/","https:\/\/www.youtube.com\/@TheVillaNice"]},{"@type":"Person","@id":"https:\/\/villahostels.com\/#\/schema\/person\/2db058530234bae80f82c398f8088115","name":"tapis"}]}},"_links":{"self":[{"href":"https:\/\/villahostels.com\/fr\/wp-json\/wp\/v2\/pages\/909","targetHints":{"allow":["GET"]}}],"collection":[{"href":"https:\/\/villahostels.com\/fr\/wp-json\/wp\/v2\/pages"}],"about":[{"href":"https:\/\/villahostels.com\/fr\/wp-json\/wp\/v2\/types\/page"}],"author":[{"embeddable":true,"href":"https:\/\/villahostels.com\/fr\/wp-json\/wp\/v2\/users\/8"}],"replies":[{"embeddable":true,"href":"https:\/\/villahostels.com\/fr\/wp-json\/wp\/v2\/comments?post=909"}],"version-history":[{"count":1,"href":"https:\/\/villahostels.com\/fr\/wp-json\/wp\/v2\/pages\/909\/revisions"}],"predecessor-version":[{"id":12838,"href":"https:\/\/villahostels.com\/fr\/wp-json\/wp\/v2\/pages\/909\/revisions\/12838"}],"wp:attachment":[{"href":"https:\/\/villahostels.com\/fr\/wp-json\/wp\/v2\/media?parent=909"}],"curies":[{"name":"wp","href":"https:\/\/api.w.org\/{rel}","templated":true}]}}