{"id":11343,"date":"2023-06-05T17:18:23","date_gmt":"2023-06-05T15:18:23","guid":{"rendered":"https:\/\/villahostels.com\/?page_id=11343"},"modified":"2024-07-04T17:05:48","modified_gmt":"2024-07-04T15:05:48","slug":"visites-recommandees","status":"publish","type":"page","link":"https:\/\/villahostels.com\/fr\/recommended-tours\/","title":{"rendered":"Visites et activit\u00e9s recommand\u00e9es \u00e0 Nice"},"content":{"rendered":"","protected":false},"excerpt":{"rendered":"","protected":false},"author":8,"featured_media":0,"parent":0,"menu_order":0,"comment_status":"closed","ping_status":"closed","template":"genericPage.php","meta":{"_acf_changed":false,"footnotes":""},"class_list":["post-11343","page","type-page","status-publish","hentry"],"acf":[],"yoast_head":"<!-- This site is optimized with the Yoast SEO Premium plugin v27.1 (Yoast SEO v27.1.1) - https:\/\/yoast.com\/product\/yoast-seo-premium-wordpress\/ -->\n<title>Explore Top Tours &amp; Activities in Nice, France with Villa Hostels<\/title>\n<meta name=\"description\" content=\"The best tours and activities in Nice, France. From coastal excursions to cultural experiences, find your perfect adventure in and around Nice\" \/>\n<meta name=\"robots\" content=\"index, follow, max-snippet:-1, max-image-preview:large, max-video-preview:-1\" \/>\n<link rel=\"canonical\" href=\"https:\/\/villahostels.com\/fr\/visites-recommandees\/\" \/>\n<meta property=\"og:locale\" content=\"fr_FR\" \/>\n<meta property=\"og:type\" content=\"article\" \/>\n<meta property=\"og:title\" content=\"Explore Top Tours &amp; Activities in Nice, France\" \/>\n<meta property=\"og:description\" content=\"Join us to discover the best tours and activities in Nice, France. From cultural excursions to scenic boat trips, experience the French Riviera like never before.\" \/>\n<meta property=\"og:url\" content=\"https:\/\/villahostels.com\/fr\/visites-recommandees\/\" \/>\n<meta property=\"og:site_name\" content=\"Villa Hostels\" \/>\n<meta property=\"article:publisher\" content=\"https:\/\/www.facebook.com\/villahostels.nice\/\" \/>\n<meta property=\"article:modified_time\" content=\"2024-07-04T15:05:48+00:00\" \/>\n<meta property=\"og:image\" content=\"https:\/\/villahostels.com\/wp-content\/uploads\/a-goup-of-international-travellers-with-hands-in-air-on-an-adventure-tour-in-nice-france.jpg\" \/>\n\t<meta property=\"og:image:width\" content=\"1340\" \/>\n\t<meta property=\"og:image:height\" content=\"670\" \/>\n\t<meta property=\"og:image:type\" content=\"image\/jpeg\" \/>\n<meta name=\"twitter:card\" content=\"summary_large_image\" \/>\n<meta name=\"twitter:title\" content=\"Explore Top Tours &amp; Activities in Nice, France\" \/>\n<meta name=\"twitter:description\" content=\"Join us to discover the best tours and activities in Nice, France. From cultural excursions to scenic boat trips, experience the French Riviera like never before.\" \/>\n<meta name=\"twitter:site\" content=\"@villahostels\" \/>\n<meta name=\"twitter:label1\" content=\"Dur\u00e9e de lecture estim\u00e9e\" \/>\n\t<meta name=\"twitter:data1\" content=\"1 minute\" \/>\n<script type=\"application\/ld+json\" class=\"yoast-schema-graph\">{\"@context\":\"https:\/\/schema.org\",\"@graph\":[{\"@type\":\"Article\",\"@id\":\"https:\/\/villahostels.com\/recommended-tours\/#article\",\"isPartOf\":{\"@id\":\"https:\/\/villahostels.com\/recommended-tours\/\"},\"author\":{\"name\":\"mat\",\"@id\":\"https:\/\/villahostels.com\/#\/schema\/person\/2db058530234bae80f82c398f8088115\"},\"headline\":\"Recommended Tours and Activities in Nice\",\"datePublished\":\"2023-06-05T15:18:23+00:00\",\"dateModified\":\"2024-07-04T15:05:48+00:00\",\"mainEntityOfPage\":{\"@id\":\"https:\/\/villahostels.com\/recommended-tours\/\"},\"wordCount\":6,\"publisher\":{\"@id\":\"https:\/\/villahostels.com\/#organization\"},\"inLanguage\":\"fr-FR\"},{\"@type\":\"WebPage\",\"@id\":\"https:\/\/villahostels.com\/recommended-tours\/\",\"url\":\"https:\/\/villahostels.com\/recommended-tours\/\",\"name\":\"Explore Top Tours & Activities in Nice, France with Villa Hostels\",\"isPartOf\":{\"@id\":\"https:\/\/villahostels.com\/#website\"},\"datePublished\":\"2023-06-05T15:18:23+00:00\",\"dateModified\":\"2024-07-04T15:05:48+00:00\",\"description\":\"The best tours and activities in Nice, France. From coastal excursions to cultural experiences, find your perfect adventure in and around Nice\",\"breadcrumb\":{\"@id\":\"https:\/\/villahostels.com\/recommended-tours\/#breadcrumb\"},\"inLanguage\":\"fr-FR\",\"potentialAction\":[{\"@type\":\"ReadAction\",\"target\":[\"https:\/\/villahostels.com\/recommended-tours\/\"]}]},{\"@type\":\"BreadcrumbList\",\"@id\":\"https:\/\/villahostels.com\/recommended-tours\/#breadcrumb\",\"itemListElement\":[{\"@type\":\"ListItem\",\"position\":1,\"name\":\"Home\",\"item\":\"https:\/\/villahostels.com\/\"},{\"@type\":\"ListItem\",\"position\":2,\"name\":\"Recommended Tours and Activities in Nice\"}]},{\"@type\":\"WebSite\",\"@id\":\"https:\/\/villahostels.com\/#website\",\"url\":\"https:\/\/villahostels.com\/\",\"name\":\"Villa Hostels\",\"description\":\"Best Hostels in Nice\",\"publisher\":{\"@id\":\"https:\/\/villahostels.com\/#organization\"},\"potentialAction\":[{\"@type\":\"SearchAction\",\"target\":{\"@type\":\"EntryPoint\",\"urlTemplate\":\"https:\/\/villahostels.com\/?s={search_term_string}\"},\"query-input\":{\"@type\":\"PropertyValueSpecification\",\"valueRequired\":true,\"valueName\":\"search_term_string\"}}],\"inLanguage\":\"fr-FR\"},{\"@type\":\"Organization\",\"@id\":\"https:\/\/villahostels.com\/#organization\",\"name\":\"Villa Hostels Nice\",\"url\":\"https:\/\/villahostels.com\/\",\"logo\":{\"@type\":\"ImageObject\",\"inLanguage\":\"fr-FR\",\"@id\":\"https:\/\/villahostels.com\/#\/schema\/logo\/image\/\",\"url\":\"https:\/\/villahostels.com\/wp-content\/uploads\/villa-hostels-logo-80h.png\",\"contentUrl\":\"https:\/\/villahostels.com\/wp-content\/uploads\/villa-hostels-logo-80h.png\",\"width\":470,\"height\":80,\"caption\":\"Villa Hostels Nice\"},\"image\":{\"@id\":\"https:\/\/villahostels.com\/#\/schema\/logo\/image\/\"},\"sameAs\":[\"https:\/\/www.facebook.com\/villahostels.nice\/\",\"https:\/\/x.com\/villahostels\",\"https:\/\/www.instagram.com\/villahostels\/\",\"https:\/\/www.pinterest.co.uk\/villasaintex\/\",\"https:\/\/www.youtube.com\/@TheVillaNice\"]},{\"@type\":\"Person\",\"@id\":\"https:\/\/villahostels.com\/#\/schema\/person\/2db058530234bae80f82c398f8088115\",\"name\":\"mat\"}]}<\/script>\n<!-- \/ Yoast SEO Premium plugin. -->","yoast_head_json":{"title":"Explorez les meilleurs circuits et activit\u00e9s \u00e0 Nice, France avec Villa Hostels","description":"Les meilleurs circuits et activit\u00e9s \u00e0 Nice, France. Des excursions c\u00f4ti\u00e8res aux exp\u00e9riences culturelles, trouvez votre aventure parfaite \u00e0 Nice et dans les environs.","robots":{"index":"index","follow":"follow","max-snippet":"max-snippet:-1","max-image-preview":"max-image-preview:large","max-video-preview":"max-video-preview:-1"},"canonical":"https:\/\/villahostels.com\/fr\/visites-recommandees\/","og_locale":"fr_FR","og_type":"article","og_title":"Explore Top Tours & Activities in Nice, France","og_description":"Join us to discover the best tours and activities in Nice, France. From cultural excursions to scenic boat trips, experience the French Riviera like never before.","og_url":"https:\/\/villahostels.com\/fr\/visites-recommandees\/","og_site_name":"Villa Hostels","article_publisher":"https:\/\/www.facebook.com\/villahostels.nice\/","article_modified_time":"2024-07-04T15:05:48+00:00","og_image":[{"width":1340,"height":670,"url":"https:\/\/villahostels.com\/wp-content\/uploads\/a-goup-of-international-travellers-with-hands-in-air-on-an-adventure-tour-in-nice-france.jpg","type":"image\/jpeg"}],"twitter_card":"summary_large_image","twitter_title":"Explore Top Tours & Activities in Nice, France","twitter_description":"Join us to discover the best tours and activities in Nice, France. From cultural excursions to scenic boat trips, experience the French Riviera like never before.","twitter_site":"@villahostels","twitter_misc":{"Dur\u00e9e de lecture estim\u00e9e":"1 minute"},"schema":{"@context":"https:\/\/schema.org","@graph":[{"@type":"Article","@id":"https:\/\/villahostels.com\/recommended-tours\/#article","isPartOf":{"@id":"https:\/\/villahostels.com\/recommended-tours\/"},"author":{"name":"mat","@id":"https:\/\/villahostels.com\/#\/schema\/person\/2db058530234bae80f82c398f8088115"},"headline":"Recommended Tours and Activities in Nice","datePublished":"2023-06-05T15:18:23+00:00","dateModified":"2024-07-04T15:05:48+00:00","mainEntityOfPage":{"@id":"https:\/\/villahostels.com\/recommended-tours\/"},"wordCount":6,"publisher":{"@id":"https:\/\/villahostels.com\/#organization"},"inLanguage":"fr-FR"},{"@type":"WebPage","@id":"https:\/\/villahostels.com\/recommended-tours\/","url":"https:\/\/villahostels.com\/recommended-tours\/","name":"Explorez les meilleurs circuits et activit\u00e9s \u00e0 Nice, France avec Villa Hostels","isPartOf":{"@id":"https:\/\/villahostels.com\/#website"},"datePublished":"2023-06-05T15:18:23+00:00","dateModified":"2024-07-04T15:05:48+00:00","description":"Les meilleurs circuits et activit\u00e9s \u00e0 Nice, France. Des excursions c\u00f4ti\u00e8res aux exp\u00e9riences culturelles, trouvez votre aventure parfaite \u00e0 Nice et dans les environs.","breadcrumb":{"@id":"https:\/\/villahostels.com\/recommended-tours\/#breadcrumb"},"inLanguage":"fr-FR","potentialAction":[{"@type":"ReadAction","target":["https:\/\/villahostels.com\/recommended-tours\/"]}]},{"@type":"BreadcrumbList","@id":"https:\/\/villahostels.com\/recommended-tours\/#breadcrumb","itemListElement":[{"@type":"ListItem","position":1,"name":"Home","item":"https:\/\/villahostels.com\/"},{"@type":"ListItem","position":2,"name":"Recommended Tours and Activities in Nice"}]},{"@type":"WebSite","@id":"https:\/\/villahostels.com\/#website","url":"https:\/\/villahostels.com\/","name":"Villa Hostels","description":"Meilleurs auberges \u00e0 Nice","publisher":{"@id":"https:\/\/villahostels.com\/#organization"},"potentialAction":[{"@type":"SearchAction","target":{"@type":"EntryPoint","urlTemplate":"https:\/\/villahostels.com\/?s={search_term_string}"},"query-input":{"@type":"PropertyValueSpecification","valueRequired":true,"valueName":"search_term_string"}}],"inLanguage":"fr-FR"},{"@type":"Organization","@id":"https:\/\/villahostels.com\/#organization","name":"Villa Hostels Nice","url":"https:\/\/villahostels.com\/","logo":{"@type":"ImageObject","inLanguage":"fr-FR","@id":"https:\/\/villahostels.com\/#\/schema\/logo\/image\/","url":"https:\/\/villahostels.com\/wp-content\/uploads\/villa-hostels-logo-80h.png","contentUrl":"https:\/\/villahostels.com\/wp-content\/uploads\/villa-hostels-logo-80h.png","width":470,"height":80,"caption":"Villa Hostels Nice"},"image":{"@id":"https:\/\/villahostels.com\/#\/schema\/logo\/image\/"},"sameAs":["https:\/\/www.facebook.com\/villahostels.nice\/","https:\/\/x.com\/villahostels","https:\/\/www.instagram.com\/villahostels\/","https:\/\/www.pinterest.co.uk\/villasaintex\/","https:\/\/www.youtube.com\/@TheVillaNice"]},{"@type":"Person","@id":"https:\/\/villahostels.com\/#\/schema\/person\/2db058530234bae80f82c398f8088115","name":"tapis"}]}},"_links":{"self":[{"href":"https:\/\/villahostels.com\/fr\/wp-json\/wp\/v2\/pages\/11343","targetHints":{"allow":["GET"]}}],"collection":[{"href":"https:\/\/villahostels.com\/fr\/wp-json\/wp\/v2\/pages"}],"about":[{"href":"https:\/\/villahostels.com\/fr\/wp-json\/wp\/v2\/types\/page"}],"author":[{"embeddable":true,"href":"https:\/\/villahostels.com\/fr\/wp-json\/wp\/v2\/users\/8"}],"replies":[{"embeddable":true,"href":"https:\/\/villahostels.com\/fr\/wp-json\/wp\/v2\/comments?post=11343"}],"version-history":[{"count":0,"href":"https:\/\/villahostels.com\/fr\/wp-json\/wp\/v2\/pages\/11343\/revisions"}],"wp:attachment":[{"href":"https:\/\/villahostels.com\/fr\/wp-json\/wp\/v2\/media?parent=11343"}],"curies":[{"name":"wp","href":"https:\/\/api.w.org\/{rel}","templated":true}]}}